{"id":1317,"date":"2019-08-01T11:43:58","date_gmt":"2019-08-01T09:43:58","guid":{"rendered":"https:\/\/schleese-sattel.de\/?page_id=1317"},"modified":"2024-07-02T09:46:38","modified_gmt":"2024-07-02T07:46:38","slug":"aktion-sattel-analyse-nrw","status":"publish","type":"page","link":"https:\/\/schleese-sattel.de\/en\/aktion-sattel-analyse-nrw\/","title":{"rendered":"Aktion Sattel-Analyse NRW"},"content":{"rendered":"\t\t<div data-elementor-type=\"wp-post\" data-elementor-id=\"1317\" class=\"elementor elementor-1317\" data-elementor-post-type=\"page\">\n\t\t\t\t\t\t<section class=\"elementor-section elementor-top-section elementor-element elementor-element-365e4f3f elementor-section-height-min-height elementor-section-content-middle elementor-section-boxed elementor-section-height-default elementor-section-items-middle\" data-id=\"365e4f3f\" data-element_type=\"section\" data-e-type=\"section\" data-settings=\"{&quot;background_background&quot;:&quot;classic&quot;}\">\n\t\t\t\t\t\t<div class=\"elementor-container elementor-column-gap-no\">\n\t\t\t\t\t<div class=\"elementor-column elementor-col-50 elementor-top-column elementor-element elementor-element-4c7dfb3c\" data-id=\"4c7dfb3c\" data-element_type=\"column\" data-e-type=\"column\" data-settings=\"{&quot;background_background&quot;:&quot;classic&quot;}\">\n\t\t\t<div class=\"elementor-widget-wrap elementor-element-populated\">\n\t\t\t\t\t\t<div class=\"elementor-element elementor-element-14776e7 elementor-widget elementor-widget-image\" data-id=\"14776e7\" data-element_type=\"widget\" data-e-type=\"widget\" data-widget_type=\"image.default\">\n\t\t\t\t<div class=\"elementor-widget-container\">\n\t\t\t\t\t\t\t\t\t\t\t\t\t\t\t<img decoding=\"async\" width=\"205\" height=\"160\" src=\"https:\/\/schleese-sattel.de\/wp-content\/uploads\/schleese-logo.jpg\" class=\"attachment-large size-large wp-image-695\" alt=\"schleese sattel logo\" \/>\t\t\t\t\t\t\t\t\t\t\t\t\t\t\t<\/div>\n\t\t\t\t<\/div>\n\t\t\t\t<div class=\"elementor-element elementor-element-30134845 elementor-widget elementor-widget-heading\" data-id=\"30134845\" data-element_type=\"widget\" data-e-type=\"widget\" data-widget_type=\"heading.default\">\n\t\t\t\t<div class=\"elementor-widget-container\">\n\t\t\t\t\t<h2 class=\"elementor-heading-title elementor-size-default\"><a href=\"https:\/\/schleese-sattel.de\/en\" target=\"_blank\">www.schleese-sattel.de<\/a><\/h2>\t\t\t\t<\/div>\n\t\t\t\t<\/div>\n\t\t\t\t\t<\/div>\n\t\t<\/div>\n\t\t\t\t<div class=\"elementor-column elementor-col-50 elementor-top-column elementor-element elementor-element-567c3e2b\" data-id=\"567c3e2b\" data-element_type=\"column\" data-e-type=\"column\" data-settings=\"{&quot;background_background&quot;:&quot;classic&quot;}\">\n\t\t\t<div class=\"elementor-widget-wrap elementor-element-populated\">\n\t\t\t\t\t\t<div class=\"elementor-element elementor-element-28f86671 elementor-widget elementor-widget-heading\" data-id=\"28f86671\" data-element_type=\"widget\" data-e-type=\"widget\" data-widget_type=\"heading.default\">\n\t\t\t\t<div class=\"elementor-widget-container\">\n\t\t\t\t\t<h2 class=\"elementor-heading-title elementor-size-default\">SONDER-AKTION f\u00fcr NRW<\/h2>\t\t\t\t<\/div>\n\t\t\t\t<\/div>\n\t\t\t\t<div class=\"elementor-element elementor-element-358ae55f elementor-widget elementor-widget-heading\" data-id=\"358ae55f\" data-element_type=\"widget\" data-e-type=\"widget\" data-widget_type=\"heading.default\">\n\t\t\t\t<div class=\"elementor-widget-container\">\n\t\t\t\t\t<h2 class=\"elementor-heading-title elementor-size-default\">20% Rabatt auf Deine 80 Punkte Sattel-Analyse nach <br>Saddlefit 4 Life\u00ae <\/h2>\t\t\t\t<\/div>\n\t\t\t\t<\/div>\n\t\t\t\t<div class=\"elementor-element elementor-element-12e6212f elementor-widget elementor-widget-heading\" data-id=\"12e6212f\" data-element_type=\"widget\" data-e-type=\"widget\" data-widget_type=\"heading.default\">\n\t\t\t\t<div class=\"elementor-widget-container\">\n\t\t\t\t\t<p class=\"elementor-heading-title elementor-size-default\">Mach mit und sichere Dir jetzt Deine 20% auf eine <br> Sattel-Analyse nach Saddlefit 4 Life\u00ae!<\/p>\t\t\t\t<\/div>\n\t\t\t\t<\/div>\n\t\t\t\t<div class=\"elementor-element elementor-element-4c06dffe elementor-align-right elementor-tablet-align-justify elementor-widget elementor-widget-button\" data-id=\"4c06dffe\" data-element_type=\"widget\" data-e-type=\"widget\" data-widget_type=\"button.default\">\n\t\t\t\t<div class=\"elementor-widget-container\">\n\t\t\t\t\t\t\t\t\t<div class=\"elementor-button-wrapper\">\n\t\t\t\t\t<a class=\"elementor-button elementor-button-link elementor-size-md\" href=\"#sogehts\">\n\t\t\t\t\t\t<span class=\"elementor-button-content-wrapper\">\n\t\t\t\t\t\t\t\t\t<span class=\"elementor-button-text\">Jetzt Teilnehmen<\/span>\n\t\t\t\t\t<\/span>\n\t\t\t\t\t<\/a>\n\t\t\t\t<\/div>\n\t\t\t\t\t\t\t\t<\/div>\n\t\t\t\t<\/div>\n\t\t\t\t\t<\/div>\n\t\t<\/div>\n\t\t\t\t\t<\/div>\n\t\t<\/section>\n\t\t\t\t<section class=\"elementor-section elementor-top-section elementor-element elementor-element-22037ea7 elementor-section-boxed elementor-section-height-default elementor-section-height-default\" data-id=\"22037ea7\" data-element_type=\"section\" data-e-type=\"section\" id=\"sogehts\" data-settings=\"{&quot;background_background&quot;:&quot;classic&quot;}\">\n\t\t\t\t\t\t<div class=\"elementor-container elementor-column-gap-default\">\n\t\t\t\t\t<div class=\"elementor-column elementor-col-100 elementor-top-column elementor-element elementor-element-7faf939\" data-id=\"7faf939\" data-element_type=\"column\" data-e-type=\"column\">\n\t\t\t<div class=\"elementor-widget-wrap elementor-element-populated\">\n\t\t\t\t\t\t<div class=\"elementor-element elementor-element-2a627fe6 elementor-widget elementor-widget-heading\" data-id=\"2a627fe6\" data-element_type=\"widget\" data-e-type=\"widget\" data-widget_type=\"heading.default\">\n\t\t\t\t<div class=\"elementor-widget-container\">\n\t\t\t\t\t<h2 class=\"elementor-heading-title elementor-size-default\">So einfach geht\u2019s:<\/h2>\t\t\t\t<\/div>\n\t\t\t\t<\/div>\n\t\t\t\t<div class=\"elementor-element elementor-element-13f40041 elementor-widget elementor-widget-text-editor\" data-id=\"13f40041\" data-element_type=\"widget\" data-e-type=\"widget\" data-widget_type=\"text-editor.default\">\n\t\t\t\t<div class=\"elementor-widget-container\">\n\t\t\t\t\t\t\t\t\t<ol><li><span style=\"color: #333300;\">Bitte f\u00fclle das Kontaktformular vollst\u00e4ndig aus.<\/span><\/li><li><span style=\"color: #333300;\">Du erh\u00e4lts von uns einen Gutschein per E-Mail.<\/span><\/li><li><span style=\"color: #333300;\">Bitte bewahre Deinen Gutschein auf und zeige diesen Deinem Sattel Ergonom bei Ihrer pers\u00f6nlichen Sattel-Analyse vor Ort.<\/span><\/li><li><span style=\"color: #333300;\">Wir leiten Deine Kontaktdaten an einen zertifizierten SCHLEESE Sattel Ergonom in Deiner N\u00e4he weiter.<\/span><\/li><li><span style=\"color: #333300;\">Unser Sattel Ergonom wird sich bei Dir melden und mit Dir einen Termin ausmachen.<\/span><\/li><li><span style=\"color: #333300;\">Du erh\u00e4ltst 20% Rabatt auf Deine Sattel Analyse<\/span><\/li><\/ol>\t\t\t\t\t\t\t\t<\/div>\n\t\t\t\t<\/div>\n\t\t\t\t\t<\/div>\n\t\t<\/div>\n\t\t\t\t\t<\/div>\n\t\t<\/section>\n\t\t\t\t<section class=\"elementor-section elementor-top-section elementor-element elementor-element-4d6eb9ae elementor-section-height-min-height elementor-section-boxed elementor-section-height-default elementor-section-items-middle\" data-id=\"4d6eb9ae\" data-element_type=\"section\" data-e-type=\"section\" data-settings=\"{&quot;background_background&quot;:&quot;classic&quot;}\">\n\t\t\t\t\t\t<div class=\"elementor-container elementor-column-gap-default\">\n\t\t\t\t\t<div class=\"elementor-column elementor-col-100 elementor-top-column elementor-element elementor-element-798b015b\" data-id=\"798b015b\" data-element_type=\"column\" data-e-type=\"column\">\n\t\t\t<div class=\"elementor-widget-wrap elementor-element-populated\">\n\t\t\t\t\t\t<div class=\"elementor-element elementor-element-7cdac49c elementor-widget elementor-widget-heading\" data-id=\"7cdac49c\" data-element_type=\"widget\" data-e-type=\"widget\" data-widget_type=\"heading.default\">\n\t\t\t\t<div class=\"elementor-widget-container\">\n\t\t\t\t\t<h2 class=\"elementor-heading-title elementor-size-default\">Kontaktformular<\/h2>\t\t\t\t<\/div>\n\t\t\t\t<\/div>\n\t\t\t\t<div class=\"elementor-element elementor-element-3e9bd807 elementor-button-align-end elementor-mobile-button-align-stretch elementor-widget elementor-widget-form\" data-id=\"3e9bd807\" data-element_type=\"widget\" data-e-type=\"widget\" data-settings=\"{&quot;step_next_label&quot;:&quot;N\\u00e4chster&quot;,&quot;step_previous_label&quot;:&quot;Voriger&quot;,&quot;button_width&quot;:&quot;100&quot;,&quot;step_type&quot;:&quot;number_text&quot;,&quot;step_icon_shape&quot;:&quot;circle&quot;}\" data-widget_type=\"form.default\">\n\t\t\t\t<div class=\"elementor-widget-container\">\n\t\t\t\t\t\t\t<form class=\"elementor-form\" method=\"post\" id=\"landing-form\" name=\"Form-Landingpage\" aria-label=\"Form-Landingpage\">\n\t\t\t<input type=\"hidden\" name=\"post_id\" value=\"1317\"\/>\n\t\t\t<input type=\"hidden\" name=\"form_id\" value=\"3e9bd807\"\/>\n\t\t\t<input type=\"hidden\" name=\"referer_title\" value=\"\" \/>\n\n\t\t\t\n\t\t\t<div class=\"elementor-form-fields-wrapper elementor-labels-\">\n\t\t\t\t\t\t\t\t<div class=\"elementor-field-type-text elementor-field-group elementor-column elementor-field-group-name elementor-col-50 elementor-field-required\">\n\t\t\t\t\t\t\t\t\t\t\t\t<label for=\"form-field-name\" class=\"elementor-field-label elementor-screen-only\">\n\t\t\t\t\t\t\t\tName\t\t\t\t\t\t\t<\/label>\n\t\t\t\t\t\t\t\t\t\t\t\t\t\t<input size=\"1\" type=\"text\" name=\"form_fields[name]\" id=\"form-field-name\" class=\"elementor-field elementor-size-md  elementor-field-textual\" placeholder=\"Name*\" required=\"required\">\n\t\t\t\t\t\t\t\t\t\t\t<\/div>\n\t\t\t\t\t\t\t\t<div class=\"elementor-field-type-text elementor-field-group elementor-column elementor-field-group-Vorname elementor-col-50 elementor-field-required\">\n\t\t\t\t\t\t\t\t\t\t\t\t<label for=\"form-field-Vorname\" class=\"elementor-field-label elementor-screen-only\">\n\t\t\t\t\t\t\t\tVorname\t\t\t\t\t\t\t<\/label>\n\t\t\t\t\t\t\t\t\t\t\t\t\t\t<input size=\"1\" type=\"text\" name=\"form_fields[Vorname]\" id=\"form-field-Vorname\" class=\"elementor-field elementor-size-md  elementor-field-textual\" placeholder=\"Vorname*\" required=\"required\">\n\t\t\t\t\t\t\t\t\t\t\t<\/div>\n\t\t\t\t\t\t\t\t<div class=\"elementor-field-type-text elementor-field-group elementor-column elementor-field-group-strasse elementor-col-80 elementor-field-required\">\n\t\t\t\t\t\t\t\t\t\t\t\t<label for=\"form-field-strasse\" class=\"elementor-field-label elementor-screen-only\">\n\t\t\t\t\t\t\t\tStra\u00dfe\t\t\t\t\t\t\t<\/label>\n\t\t\t\t\t\t\t\t\t\t\t\t\t\t<input size=\"1\" type=\"text\" name=\"form_fields[strasse]\" id=\"form-field-strasse\" class=\"elementor-field elementor-size-md  elementor-field-textual\" placeholder=\"Stra\u00dfe*\" required=\"required\">\n\t\t\t\t\t\t\t\t\t\t\t<\/div>\n\t\t\t\t\t\t\t\t<div class=\"elementor-field-type-text elementor-field-group elementor-column elementor-field-group-HausNr elementor-col-20 elementor-field-required\">\n\t\t\t\t\t\t\t\t\t\t\t\t<label for=\"form-field-HausNr\" class=\"elementor-field-label elementor-screen-only\">\n\t\t\t\t\t\t\t\tHausNr\t\t\t\t\t\t\t<\/label>\n\t\t\t\t\t\t\t\t\t\t\t\t\t\t<input size=\"1\" type=\"text\" name=\"form_fields[HausNr]\" id=\"form-field-HausNr\" class=\"elementor-field elementor-size-md  elementor-field-textual\" placeholder=\"Haus-Nr.*\" required=\"required\">\n\t\t\t\t\t\t\t\t\t\t\t<\/div>\n\t\t\t\t\t\t\t\t<div class=\"elementor-field-type-text elementor-field-group elementor-column elementor-field-group-plz elementor-col-33 elementor-field-required\">\n\t\t\t\t\t\t\t\t\t\t\t\t<label for=\"form-field-plz\" class=\"elementor-field-label elementor-screen-only\">\n\t\t\t\t\t\t\t\tPLZ\t\t\t\t\t\t\t<\/label>\n\t\t\t\t\t\t\t\t\t\t\t\t\t\t<input size=\"1\" type=\"text\" name=\"form_fields[plz]\" id=\"form-field-plz\" class=\"elementor-field elementor-size-md  elementor-field-textual\" placeholder=\"PLZ*\" required=\"required\">\n\t\t\t\t\t\t\t\t\t\t\t<\/div>\n\t\t\t\t\t\t\t\t<div class=\"elementor-field-type-text elementor-field-group elementor-column elementor-field-group-ort elementor-col-66 elementor-field-required\">\n\t\t\t\t\t\t\t\t\t\t\t\t<label for=\"form-field-ort\" class=\"elementor-field-label elementor-screen-only\">\n\t\t\t\t\t\t\t\tOrt\t\t\t\t\t\t\t<\/label>\n\t\t\t\t\t\t\t\t\t\t\t\t\t\t<input size=\"1\" type=\"text\" name=\"form_fields[ort]\" id=\"form-field-ort\" class=\"elementor-field elementor-size-md  elementor-field-textual\" placeholder=\"Ort*\" required=\"required\">\n\t\t\t\t\t\t\t\t\t\t\t<\/div>\n\t\t\t\t\t\t\t\t<div class=\"elementor-field-type-tel elementor-field-group elementor-column elementor-field-group-field_927c552 elementor-col-50 elementor-field-required\">\n\t\t\t\t\t\t\t\t\t\t\t\t<label for=\"form-field-field_927c552\" class=\"elementor-field-label elementor-screen-only\">\n\t\t\t\t\t\t\t\tMobil\t\t\t\t\t\t\t<\/label>\n\t\t\t\t\t\t\t\t<input size=\"1\" type=\"tel\" name=\"form_fields[field_927c552]\" id=\"form-field-field_927c552\" class=\"elementor-field elementor-size-md  elementor-field-textual\" placeholder=\"Mobil-Nr.*\" required=\"required\" pattern=\"[0-9()#&amp;+*-=.]+\" title=\"Only numbers and phone characters (#, -, *, etc) are accepted.\">\n\n\t\t\t\t\t\t<\/div>\n\t\t\t\t\t\t\t\t<div class=\"elementor-field-type-text elementor-field-group elementor-column elementor-field-group-Stallname elementor-col-100\">\n\t\t\t\t\t\t\t\t\t\t\t\t<label for=\"form-field-Stallname\" class=\"elementor-field-label elementor-screen-only\">\n\t\t\t\t\t\t\t\tStallname\t\t\t\t\t\t\t<\/label>\n\t\t\t\t\t\t\t\t\t\t\t\t\t\t<input size=\"1\" type=\"text\" name=\"form_fields[Stallname]\" id=\"form-field-Stallname\" class=\"elementor-field elementor-size-md  elementor-field-textual\" placeholder=\"Stallname\">\n\t\t\t\t\t\t\t\t\t\t\t<\/div>\n\t\t\t\t\t\t\t\t<div class=\"elementor-field-type-text elementor-field-group elementor-column elementor-field-group-Stallort elementor-col-50\">\n\t\t\t\t\t\t\t\t\t\t\t\t<label for=\"form-field-Stallort\" class=\"elementor-field-label elementor-screen-only\">\n\t\t\t\t\t\t\t\tStallort\t\t\t\t\t\t\t<\/label>\n\t\t\t\t\t\t\t\t\t\t\t\t\t\t<input size=\"1\" type=\"text\" name=\"form_fields[Stallort]\" id=\"form-field-Stallort\" class=\"elementor-field elementor-size-md  elementor-field-textual\" placeholder=\"Stallort\">\n\t\t\t\t\t\t\t\t\t\t\t<\/div>\n\t\t\t\t\t\t\t\t<div class=\"elementor-field-type-text elementor-field-group elementor-column elementor-field-group-reitstil elementor-col-100\">\n\t\t\t\t\t\t\t\t\t\t\t\t<label for=\"form-field-reitstil\" class=\"elementor-field-label elementor-screen-only\">\n\t\t\t\t\t\t\t\tReitstil\t\t\t\t\t\t\t<\/label>\n\t\t\t\t\t\t\t\t\t\t\t\t\t\t<input size=\"1\" type=\"text\" name=\"form_fields[reitstil]\" id=\"form-field-reitstil\" class=\"elementor-field elementor-size-md  elementor-field-textual\" placeholder=\"Reitstil\">\n\t\t\t\t\t\t\t\t\t\t\t<\/div>\n\t\t\t\t\t\t\t\t<div class=\"elementor-field-type-email elementor-field-group elementor-column elementor-field-group-email elementor-col-50 elementor-field-required\">\n\t\t\t\t\t\t\t\t\t\t\t\t<label for=\"form-field-email\" class=\"elementor-field-label elementor-screen-only\">\n\t\t\t\t\t\t\t\tEmail\t\t\t\t\t\t\t<\/label>\n\t\t\t\t\t\t\t\t\t\t\t\t\t\t<input size=\"1\" type=\"email\" name=\"form_fields[email]\" id=\"form-field-email\" class=\"elementor-field elementor-size-md  elementor-field-textual\" placeholder=\"Email*\" required=\"required\">\n\t\t\t\t\t\t\t\t\t\t\t<\/div>\n\t\t\t\t\t\t\t\t<div class=\"elementor-field-type-email elementor-field-group elementor-column elementor-field-group-email_2 elementor-col-50 elementor-field-required\">\n\t\t\t\t\t\t\t\t\t\t\t\t<label for=\"form-field-email_2\" class=\"elementor-field-label elementor-screen-only\">\n\t\t\t\t\t\t\t\tEmail\t\t\t\t\t\t\t<\/label>\n\t\t\t\t\t\t\t\t\t\t\t\t\t\t<input size=\"1\" type=\"email\" name=\"form_fields[email_2]\" id=\"form-field-email_2\" class=\"elementor-field elementor-size-md  elementor-field-textual\" placeholder=\"Email wiederholen*\" required=\"required\">\n\t\t\t\t\t\t\t\t\t\t\t<\/div>\n\t\t\t\t\t\t\t\t<div class=\"elementor-field-type-textarea elementor-field-group elementor-column elementor-field-group-bemerkun elementor-col-100\">\n\t\t\t\t\t\t\t\t\t\t\t\t<label for=\"form-field-bemerkun\" class=\"elementor-field-label elementor-screen-only\">\n\t\t\t\t\t\t\t\tBemerkungen\t\t\t\t\t\t\t<\/label>\n\t\t\t\t\t\t<textarea class=\"elementor-field-textual elementor-field  elementor-size-md\" name=\"form_fields[bemerkun]\" id=\"form-field-bemerkun\" rows=\"4\" placeholder=\"Bemerkungen\"><\/textarea>\t\t\t\t<\/div>\n\t\t\t\t\t\t\t\t<div class=\"elementor-field-type-acceptance elementor-field-group elementor-column elementor-field-group-newslett elementor-col-100\">\n\t\t\t\t\t\t\t\t\t\t\t\t<label for=\"form-field-newslett\" class=\"elementor-field-label elementor-screen-only\">\n\t\t\t\t\t\t\t\tNewsletter\t\t\t\t\t\t\t<\/label>\n\t\t\t\t\t\t\t\t<div class=\"elementor-field-subgroup\">\n\t\t\t<span class=\"elementor-field-option\">\n\t\t\t\t<input type=\"checkbox\" name=\"form_fields[newslett]\" id=\"form-field-newslett\" class=\"elementor-field elementor-size-md  elementor-acceptance-field\">\n\t\t\t\t<label for=\"form-field-newslett\">Ja, ich m\u00f6chte per E-Mail den kostenlosen SCHLEESE-Newsletter abonnieren.<\/label>\t\t\t<\/span>\n\t\t<\/div>\n\t\t\t\t\t\t<\/div>\n\t\t\t\t\t\t\t\t<div class=\"elementor-field-type-acceptance elementor-field-group elementor-column elementor-field-group-akzeptiert elementor-col-100 elementor-field-required\">\n\t\t\t\t\t\t\t\t\t\t\t\t<label for=\"form-field-akzeptiert\" class=\"elementor-field-label elementor-screen-only\">\n\t\t\t\t\t\t\t\tAkzeptiert\t\t\t\t\t\t\t<\/label>\n\t\t\t\t\t\t\t\t<div class=\"elementor-field-subgroup\">\n\t\t\t<span class=\"elementor-field-option\">\n\t\t\t\t<input type=\"checkbox\" name=\"form_fields[akzeptiert]\" id=\"form-field-akzeptiert\" class=\"elementor-field elementor-size-md  elementor-acceptance-field\" required=\"required\">\n\t\t\t\t<label for=\"form-field-akzeptiert\">Ja, ich habe die Aktions-Teilnahmebedingungen von SCHLEESE gelesen und akzeptiere diese* <br> <br>* Pflichtfelder<\/label>\t\t\t<\/span>\n\t\t<\/div>\n\t\t\t\t\t\t<\/div>\n\t\t\t\t\t\t\t\t<div class=\"elementor-field-type-recaptcha elementor-field-group elementor-column elementor-field-group-captcha elementor-col-100\">\n\t\t\t\t\t<div class=\"elementor-field\" id=\"form-field-captcha\"><div class=\"elementor-g-recaptcha\" data-sitekey=\"6Lekw7AUAAAAACh0hlEt30OxBgz_jxLMcuHEMwsw\" data-type=\"v2_checkbox\" data-theme=\"light\" data-size=\"normal\"><\/div><\/div>\t\t\t\t<\/div>\n\t\t\t\t\t\t\t\t<div class=\"elementor-field-group elementor-column elementor-field-type-submit elementor-col-100 e-form__buttons\">\n\t\t\t\t\t<button class=\"elementor-button elementor-size-md\" type=\"submit\">\n\t\t\t\t\t\t<span class=\"elementor-button-content-wrapper\">\n\t\t\t\t\t\t\t\t\t\t\t\t\t\t\t\t\t\t\t\t\t\t<span class=\"elementor-button-text\">Absenden<\/span>\n\t\t\t\t\t\t\t\t\t\t\t\t\t<\/span>\n\t\t\t\t\t<\/button>\n\t\t\t\t<\/div>\n\t\t\t<\/div>\n\t\t<\/form>\n\t\t\t\t\t\t<\/div>\n\t\t\t\t<\/div>\n\t\t\t\t\t<\/div>\n\t\t<\/div>\n\t\t\t\t\t<\/div>\n\t\t<\/section>\n\t\t\t\t<section class=\"elementor-section elementor-top-section elementor-element elementor-element-6a2b11ff elementor-section-boxed elementor-section-height-default elementor-section-height-default\" data-id=\"6a2b11ff\" data-element_type=\"section\" data-e-type=\"section\" data-settings=\"{&quot;background_background&quot;:&quot;classic&quot;}\">\n\t\t\t\t\t\t<div class=\"elementor-container elementor-column-gap-default\">\n\t\t\t\t\t<div class=\"elementor-column elementor-col-100 elementor-top-column elementor-element elementor-element-51739463\" data-id=\"51739463\" data-element_type=\"column\" data-e-type=\"column\">\n\t\t\t<div class=\"elementor-widget-wrap elementor-element-populated\">\n\t\t\t\t\t\t<div class=\"elementor-element elementor-element-35553f32 elementor-widget elementor-widget-heading\" data-id=\"35553f32\" data-element_type=\"widget\" data-e-type=\"widget\" data-widget_type=\"heading.default\">\n\t\t\t\t<div class=\"elementor-widget-container\">\n\t\t\t\t\t<h2 class=\"elementor-heading-title elementor-size-default\">Wichtige Hinweise\u2028<\/h2>\t\t\t\t<\/div>\n\t\t\t\t<\/div>\n\t\t\t\t<div class=\"elementor-element elementor-element-762e00d2 elementor-widget elementor-widget-text-editor\" data-id=\"762e00d2\" data-element_type=\"widget\" data-e-type=\"widget\" data-widget_type=\"text-editor.default\">\n\t\t\t\t<div class=\"elementor-widget-container\">\n\t\t\t\t\t\t\t\t\t<p><span style=\"color: #333300;\">Wir freuen uns \u00fcber Ihr Interesse an unseren SCHLEESE-S\u00e4tteln und die Teilnahme an dieser Sonder-Aktion. Bitte lesen Sie sich die Teilnahmebedingungen f\u00fcr diese Aktion sorgf\u00e4ltig durch. Vielen Dank!<\/span><\/p>\n<p><span style=\"color: #333300;\"><strong>AKTIONS-TEILNAHMEBEDINGUNGEN<\/strong><\/span><\/p>\n<p><span style=\"color: #333300;\"><strong>Registrierung\/Teilnahme:<\/strong><\/span><\/p>\n<p><span style=\"color: #333300;\">F\u00fcr die Teilnahme an der Sonder-Aktion sind mindestens s\u00e4mtliche Daten, die auf dem Kontaktformular als Pflichtfeld gekennzeichnet sind, anzugeben. Die Verantwortung f\u00fcr \u00c4nderungen dieser Daten, insbesondere der Adresse und der E-Mail-Adresse, liegt beim Teilnehmer.<\/span><\/p>\n<p><span style=\"color: #333300;\"><strong>Teilnahmeberechtigte<\/strong><\/span><\/p>\n<p><span style=\"color: #333300;\">Teilnahmeberechtigt sind alle teilnehmenden ReiterInnen aus NRW.<\/span><\/p>\n<p><span style=\"color: #333300;\"><strong>Sonstige Bedingungen der Teilnahme<\/strong><\/span><\/p>\n<p><span style=\"color: #333300;\">Die Teilnahme ist nur per Internet \u00fcber die angegebene Landingpage m\u00f6glich.<\/span><\/p>\n<p><span style=\"color: #333300;\">Sie erhalten auf Ihre Sattel Analyse nach Saddlefit4Life 20% Rabatt.<\/span><\/p>\n<p><strong style=\"color: rgb(51, 51, 0); font-family: var( --e-global-typography-text-font-family ), Sans-serif; font-size: 1.125rem;\">Datenschutz<\/strong><br><\/p>\n<p><span style=\"color: #333300;\">F\u00fcr die Teilnahme an der Sonder-Aktion ist eine Angabe von personenbezogenen Daten erforderlich. Der Teilnehmer erkl\u00e4rt sich ausdr\u00fccklich damit einverstanden, dass die von ihm \u00fcbermittelten Daten f\u00fcr die Durchf\u00fchrung und Abwicklung der Sonder-Aktion erhoben, verarbeitet und an seitens der Firma Schleese autorisierte SCHLEESE-Sattel Ergonome weitergegeben werden. Der Teilnehmer erkl\u00e4rt sich au\u00dferdem damit einverstanden, dass er \u00fcber die von ihm hinterlegte E-Mail-Adresse und Telefonnummern von dem durch SCHLEESE ausgew\u00e4hlten SCHLEESE-Sattel Ergonom kontaktiert werden darf. Im Falle eines Widerrufs wird der Teilnehmer von der Sonder-Aktion ausgeschlossen.<\/span><\/p>\n<p><span style=\"color: #333300;\">Der Rechtsweg ist ausgeschlossen.<\/span><\/p>\t\t\t\t\t\t\t\t<\/div>\n\t\t\t\t<\/div>\n\t\t\t\t\t<\/div>\n\t\t<\/div>\n\t\t\t\t\t<\/div>\n\t\t<\/section>\n\t\t\t\t<\/div>\n\t\t","protected":false},"excerpt":{"rendered":"<p>www.schleese-sattel.de SONDER-AKTION f\u00fcr NRW 20% Rabatt auf Deine 80 Punkte Sattel-Analyse nach Saddlefit 4 Life\u00ae Mach mit und sichere Dir jetzt Deine 20% auf eine Sattel-Analyse nach Saddlefit 4 Life\u00ae! Jetzt Teilnehmen So einfach geht\u2019s: Bitte f\u00fclle das Kontaktformular vollst\u00e4ndig aus. Du erh\u00e4lts von uns einen Gutschein per E-Mail. Bitte bewahre Deinen Gutschein auf und [&hellip;]<\/p>\n","protected":false},"author":1,"featured_media":0,"parent":0,"menu_order":0,"comment_status":"closed","ping_status":"closed","template":"elementor_canvas","meta":{"_acf_changed":false,"footnotes":""},"class_list":["post-1317","page","type-page","status-publish","hentry"],"acf":[],"_links":{"self":[{"href":"https:\/\/schleese-sattel.de\/en\/wp-json\/wp\/v2\/pages\/1317","targetHints":{"allow":["GET"]}}],"collection":[{"href":"https:\/\/schleese-sattel.de\/en\/wp-json\/wp\/v2\/pages"}],"about":[{"href":"https:\/\/schleese-sattel.de\/en\/wp-json\/wp\/v2\/types\/page"}],"author":[{"embeddable":true,"href":"https:\/\/schleese-sattel.de\/en\/wp-json\/wp\/v2\/users\/1"}],"replies":[{"embeddable":true,"href":"https:\/\/schleese-sattel.de\/en\/wp-json\/wp\/v2\/comments?post=1317"}],"version-history":[{"count":0,"href":"https:\/\/schleese-sattel.de\/en\/wp-json\/wp\/v2\/pages\/1317\/revisions"}],"wp:attachment":[{"href":"https:\/\/schleese-sattel.de\/en\/wp-json\/wp\/v2\/media?parent=1317"}],"curies":[{"name":"wp","href":"https:\/\/api.w.org\/{rel}","templated":true}]}}