{"id":191,"date":"2019-06-28T02:46:50","date_gmt":"2019-06-28T00:46:50","guid":{"rendered":"https:\/\/schleese-sattel.de\/?page_id=191"},"modified":"2022-10-07T16:26:28","modified_gmt":"2022-10-07T14:26:28","slug":"sattelanpassung","status":"publish","type":"page","link":"https:\/\/schleese-sattel.de\/en\/sattelanpassung\/","title":{"rendered":"Saddle Fit"},"content":{"rendered":"\t\t<div data-elementor-type=\"wp-post\" data-elementor-id=\"191\" class=\"elementor elementor-191\" data-elementor-post-type=\"page\">\n\t\t\t\t\t\t<section class=\"elementor-section elementor-top-section elementor-element elementor-element-98e8484 elementor-section-height-min-height elementor-section-items-top elementor-section-boxed elementor-section-height-default\" data-id=\"98e8484\" data-element_type=\"section\" data-e-type=\"section\" data-settings=\"{&quot;background_background&quot;:&quot;classic&quot;}\">\n\t\t\t\t\t\t<div class=\"elementor-container elementor-column-gap-default\">\n\t\t\t\t\t<div class=\"elementor-column elementor-col-50 elementor-top-column elementor-element elementor-element-ed80798\" data-id=\"ed80798\" data-element_type=\"column\" data-e-type=\"column\">\n\t\t\t<div class=\"elementor-widget-wrap elementor-element-populated\">\n\t\t\t\t\t\t<div class=\"elementor-element elementor-element-3fc4ec4 elementor-widget elementor-widget-heading\" data-id=\"3fc4ec4\" data-element_type=\"widget\" data-e-type=\"widget\" data-widget_type=\"heading.default\">\n\t\t\t\t<div class=\"elementor-widget-container\">\n\t\t\t\t\t<h1 class=\"elementor-heading-title elementor-size-default\">Sattelanpassung <br> \u2013 aus Liebe und Verantwortung<\/h1>\t\t\t\t<\/div>\n\t\t\t\t<\/div>\n\t\t\t\t<div class=\"elementor-element elementor-element-0d90c74 elementor-widget elementor-widget-text-editor\" data-id=\"0d90c74\" data-element_type=\"widget\" data-e-type=\"widget\" data-widget_type=\"text-editor.default\">\n\t\t\t\t<div class=\"elementor-widget-container\">\n\t\t\t\t\t\t\t\t\t<p>Wir bei SCHLEESE stellen unsere S\u00e4ttel nach h\u00f6chsten Qualit\u00e4tsstandards von Hand her und verwenden nur hochwertigste Ledersorten.<br \/>Jeder SCHLEESE-Sattel wird vom Sattlermeister und zertifizierten Sattel Ergonom <a href=\"https:\/\/schleese-sattel.de\/jochen-schleese-eine-vision-wird-wirklichkeit\/\">Jochen SCHLEESE<\/a> entwickelt. Design, Funktion und Einstellbarkeit erf\u00fcllen alle Kriterien der <a href=\"https:\/\/s4l-akademie.de\" target=\"_blank\" rel=\"noopener\">Saddlefit 4 Life\u00ae Philosophie<\/a> \u2013 aus Liebe und Verantwortung f\u00fcr Reiter und Pferd.<\/p><p>Durch das voll einstellbare Kopfeisen mit dem patentierten AdapTree\u00ae kann Ihr SCHLEESE-Sattel immer wieder vor Ort an Ihr Pferd angepasst werden. Die richtige Sattelpassform f\u00f6rdert einen gesunden R\u00fccken, eine artgerechte Bewegung und ist der Schl\u00fcssel f\u00fcr optimale Leistungen. Egal, ob Sie Freizeitreiter oder Turnierreiter sind, Sie und Ihr Pferd werden von den enormen Vorteilen nachhaltig profitieren.<\/p>\t\t\t\t\t\t\t\t<\/div>\n\t\t\t\t<\/div>\n\t\t\t\t<div class=\"elementor-element elementor-element-ef47e0d elementor-widget elementor-widget-button\" data-id=\"ef47e0d\" data-element_type=\"widget\" data-e-type=\"widget\" data-widget_type=\"button.default\">\n\t\t\t\t<div class=\"elementor-widget-container\">\n\t\t\t\t\t\t\t\t\t<div class=\"elementor-button-wrapper\">\n\t\t\t\t\t<a class=\"elementor-button elementor-button-link elementor-size-md\" href=\"#ablauf\">\n\t\t\t\t\t\t<span class=\"elementor-button-content-wrapper\">\n\t\t\t\t\t\t<span class=\"elementor-button-icon\">\n\t\t\t\t<i aria-hidden=\"true\" class=\"fas fa-chevron-down\"><\/i>\t\t\t<\/span>\n\t\t\t\t\t\t\t\t\t<span class=\"elementor-button-text\">Ablauf<\/span>\n\t\t\t\t\t<\/span>\n\t\t\t\t\t<\/a>\n\t\t\t\t<\/div>\n\t\t\t\t\t\t\t\t<\/div>\n\t\t\t\t<\/div>\n\t\t\t\t\t<\/div>\n\t\t<\/div>\n\t\t\t\t<div class=\"elementor-column elementor-col-50 elementor-top-column elementor-element elementor-element-48551c9\" data-id=\"48551c9\" data-element_type=\"column\" data-e-type=\"column\">\n\t\t\t<div class=\"elementor-widget-wrap elementor-element-populated\">\n\t\t\t\t\t\t<div class=\"elementor-element elementor-element-0dda239 elementor-skin-carousel elementor-widget elementor-widget-media-carousel\" data-id=\"0dda239\" data-element_type=\"widget\" data-e-type=\"widget\" data-settings=\"{&quot;effect&quot;:&quot;fade&quot;,&quot;skin&quot;:&quot;carousel&quot;,&quot;speed&quot;:500,&quot;autoplay&quot;:&quot;yes&quot;,&quot;autoplay_speed&quot;:5000,&quot;loop&quot;:&quot;yes&quot;,&quot;pause_on_hover&quot;:&quot;yes&quot;,&quot;pause_on_interaction&quot;:&quot;yes&quot;,&quot;space_between&quot;:{&quot;unit&quot;:&quot;px&quot;,&quot;size&quot;:10,&quot;sizes&quot;:[]},&quot;space_between_tablet&quot;:{&quot;unit&quot;:&quot;px&quot;,&quot;size&quot;:10,&quot;sizes&quot;:[]},&quot;space_between_mobile&quot;:{&quot;unit&quot;:&quot;px&quot;,&quot;size&quot;:10,&quot;sizes&quot;:[]}}\" data-widget_type=\"media-carousel.default\">\n\t\t\t\t<div class=\"elementor-widget-container\">\n\t\t\t\t\t\t\t\t\t<div class=\"elementor-swiper\">\n\t\t\t\t\t<div class=\"elementor-main-swiper swiper\" role=\"region\" aria-roledescription=\"carousel\" aria-label=\"Slides\">\n\t\t\t\t<div class=\"swiper-wrapper\">\n\t\t\t\t\t\t\t\t\t\t\t<div class=\"swiper-slide\" role=\"group\" aria-roledescription=\"slide\">\n\t\t\t\t\t\t\t\t\t<div class=\"elementor-carousel-image\" role=\"img\" aria-label=\"2-Schleese-LWT-46\" style=\"background-image: url(&#039;https:\/\/schleese-sattel.de\/wp-content\/uploads\/2-Schleese-LWT-46.jpg&#039;)\">\n\n\t\t\t\n\t\t\t\t\t<\/div>\n\t\t\t\t\t\t\t\t<\/div>\n\t\t\t\t\t\t\t\t\t\t\t<div class=\"swiper-slide\" role=\"group\" aria-roledescription=\"slide\">\n\t\t\t\t\t\t\t\t\t<div class=\"elementor-carousel-image\" role=\"img\" aria-label=\"3-Schleese-Sprenger Ausmessen-35\" style=\"background-image: url(&#039;https:\/\/schleese-sattel.de\/wp-content\/uploads\/3-Schleese-Sprenger-Ausmessen-35.jpg&#039;)\">\n\n\t\t\t\n\t\t\t\t\t<\/div>\n\t\t\t\t\t\t\t\t<\/div>\n\t\t\t\t\t\t\t\t\t\t\t<div class=\"swiper-slide\" role=\"group\" aria-roledescription=\"slide\">\n\t\t\t\t\t\t\t\t\t<div class=\"elementor-carousel-image\" role=\"img\" aria-label=\"4-Schleese-Ausmessen Oberschenkel-124\" style=\"background-image: url(&#039;https:\/\/schleese-sattel.de\/wp-content\/uploads\/4-Schleese-Ausmessen-Oberschenkel-124.jpg&#039;)\">\n\n\t\t\t\n\t\t\t\t\t<\/div>\n\t\t\t\t\t\t\t\t<\/div>\n\t\t\t\t\t\t\t\t\t\t\t<div class=\"swiper-slide\" role=\"group\" aria-roledescription=\"slide\">\n\t\t\t\t\t\t\t\t\t<div class=\"elementor-carousel-image\" role=\"img\" aria-label=\"5-Schleese-Ausmessen Taille unten-131\" style=\"background-image: url(&#039;https:\/\/schleese-sattel.de\/wp-content\/uploads\/5-Schleese-Ausmessen-Taille-unten-131.jpg&#039;)\">\n\n\t\t\t\n\t\t\t\t\t<\/div>\n\t\t\t\t\t\t\t\t<\/div>\n\t\t\t\t\t\t\t\t\t\t\t<div class=\"swiper-slide\" role=\"group\" aria-roledescription=\"slide\">\n\t\t\t\t\t\t\t\t\t<div class=\"elementor-carousel-image\" role=\"img\" aria-label=\"7-Schleese-Pferd von reiter seitl weg gut -98\" style=\"background-image: url(&#039;https:\/\/schleese-sattel.de\/wp-content\/uploads\/7-Schleese-Pferd-von-reiter-seitl-weg-gut-98.jpg&#039;)\">\n\n\t\t\t\n\t\t\t\t\t<\/div>\n\t\t\t\t\t\t\t\t<\/div>\n\t\t\t\t\t\t\t\t\t<\/div>\n\t\t\t\t\t\t\t\t\t\t\t\t\t\t\t\t\t\t\t\t\t<\/div>\n\t\t\t\t<\/div>\n\t\t\t\t\t\t\t\t<\/div>\n\t\t\t\t<\/div>\n\t\t\t\t<div class=\"elementor-element elementor-element-9c8a526 elementor-widget elementor-widget-text-editor\" data-id=\"9c8a526\" data-element_type=\"widget\" data-e-type=\"widget\" data-widget_type=\"text-editor.default\">\n\t\t\t\t<div class=\"elementor-widget-container\">\n\t\t\t\t\t\t\t\t\t<h3>Was ist Sattelanpassung?<\/h3>\n<p>Ein genau anpassbarer Sattel stellt das h\u00f6chste Gut aller Sattelentwicklungen dar. Entscheidend jedoch ist, dass sich ein Sattel immer wieder auf die sich \u00e4ndernde Anatomie des Pferdes anpassen l\u00e4sst. Steht das Pferd l\u00e4ngere Zeit, dann ver\u00e4ndert sich die Schultermuskulatur. Der Sattel passt dann nicht mehr. Entwickelt sich die Muskulatur des Pferdes durch Training, dann passt der Sattel auch nicht mehr. Ein Sattel sollte immer wieder auf neue Bedingungen flexibel und &#8211; am besten direkt vor Ort &#8211; angepasst werden k\u00f6nnen.<\/p>\t\t\t\t\t\t\t\t<\/div>\n\t\t\t\t<\/div>\n\t\t\t\t\t<\/div>\n\t\t<\/div>\n\t\t\t\t\t<\/div>\n\t\t<\/section>\n\t\t\t\t<section class=\"elementor-section elementor-top-section elementor-element elementor-element-6929b91 elementor-section-height-min-height elementor-section-boxed elementor-section-height-default elementor-section-items-middle\" data-id=\"6929b91\" data-element_type=\"section\" data-e-type=\"section\" data-settings=\"{&quot;background_background&quot;:&quot;classic&quot;}\">\n\t\t\t\t\t\t<div class=\"elementor-container elementor-column-gap-default\">\n\t\t\t\t\t<div class=\"elementor-column elementor-col-100 elementor-top-column elementor-element elementor-element-e637938\" data-id=\"e637938\" data-element_type=\"column\" data-e-type=\"column\">\n\t\t\t<div class=\"elementor-widget-wrap\">\n\t\t\t\t\t\t\t<\/div>\n\t\t<\/div>\n\t\t\t\t\t<\/div>\n\t\t<\/section>\n\t\t\t\t<section class=\"elementor-section elementor-top-section elementor-element elementor-element-eace319 elementor-section-boxed elementor-section-height-default elementor-section-height-default\" data-id=\"eace319\" data-element_type=\"section\" data-e-type=\"section\" data-settings=\"{&quot;background_background&quot;:&quot;classic&quot;}\">\n\t\t\t\t\t\t<div class=\"elementor-container elementor-column-gap-default\">\n\t\t\t\t\t<div class=\"elementor-column elementor-col-100 elementor-top-column elementor-element elementor-element-6d09eaf\" data-id=\"6d09eaf\" data-element_type=\"column\" data-e-type=\"column\">\n\t\t\t<div class=\"elementor-widget-wrap elementor-element-populated\">\n\t\t\t\t\t\t<div class=\"elementor-element elementor-element-1bcc81e elementor-widget elementor-widget-text-editor\" data-id=\"1bcc81e\" data-element_type=\"widget\" data-e-type=\"widget\" data-widget_type=\"text-editor.default\">\n\t\t\t\t<div class=\"elementor-widget-container\">\n\t\t\t\t\t\t\t\t\t<h2>J\u00e4hrliche Sattelkontrolle<\/h2><p>Ihr ordnungsgem\u00e4\u00df angepasster SCHLEESE-Sattel wird Ihrem Pferd enorme Bewegungsfreiheit geben. Somit kann es bereits nach kurzer Zeit zu einer starken Ver\u00e4nderung der Muskulatur kommen. Um die beste Passform f\u00fcr Sie und Ihr Pferd zu garantieren, empfehlen wir Ihnen mindestens eine j\u00e4hrliche Sattelkontrolle durchf\u00fchren zu lassen. Unsere exklusiven Partner sind qualifizierte und S4L-zertifizierte Sattel Ergonome.<\/p>\t\t\t\t\t\t\t\t<\/div>\n\t\t\t\t<\/div>\n\t\t\t\t<div class=\"elementor-element elementor-element-11639c5 elementor-align-center elementor-widget elementor-widget-button\" data-id=\"11639c5\" data-element_type=\"widget\" data-e-type=\"widget\" data-widget_type=\"button.default\">\n\t\t\t\t<div class=\"elementor-widget-container\">\n\t\t\t\t\t\t\t\t\t<div class=\"elementor-button-wrapper\">\n\t\t\t\t\t<a class=\"elementor-button elementor-button-link elementor-size-lg\" href=\"https:\/\/schleese-sattel.de\/vertrieb\/#karte\">\n\t\t\t\t\t\t<span class=\"elementor-button-content-wrapper\">\n\t\t\t\t\t\t\t\t\t<span class=\"elementor-button-text\">Zum Sattel Ergonom in ihrer N\u00e4he<\/span>\n\t\t\t\t\t<\/span>\n\t\t\t\t\t<\/a>\n\t\t\t\t<\/div>\n\t\t\t\t\t\t\t\t<\/div>\n\t\t\t\t<\/div>\n\t\t\t\t\t<\/div>\n\t\t<\/div>\n\t\t\t\t\t<\/div>\n\t\t<\/section>\n\t\t\t\t<section class=\"elementor-section elementor-top-section elementor-element elementor-element-77f60bb6 elementor-section-height-min-height elementor-section-boxed elementor-section-height-default elementor-section-items-middle\" data-id=\"77f60bb6\" data-element_type=\"section\" data-e-type=\"section\" id=\"ablauf\" data-settings=\"{&quot;background_background&quot;:&quot;classic&quot;}\">\n\t\t\t\t\t\t<div class=\"elementor-container elementor-column-gap-default\">\n\t\t\t\t\t<div class=\"elementor-column elementor-col-100 elementor-top-column elementor-element elementor-element-10f98fcd\" data-id=\"10f98fcd\" data-element_type=\"column\" data-e-type=\"column\">\n\t\t\t<div class=\"elementor-widget-wrap elementor-element-populated\">\n\t\t\t\t\t\t<div class=\"elementor-element elementor-element-3dd63f74 elementor-widget elementor-widget-heading\" data-id=\"3dd63f74\" data-element_type=\"widget\" data-e-type=\"widget\" data-widget_type=\"heading.default\">\n\t\t\t\t<div class=\"elementor-widget-container\">\n\t\t\t\t\t<h3 class=\"elementor-heading-title elementor-size-default\">Sattelanpassung nach der Saddlefit 4 Life\u00ae-Methode<\/h3>\t\t\t\t<\/div>\n\t\t\t\t<\/div>\n\t\t\t\t<div class=\"elementor-element elementor-element-341ab63 elementor-widget elementor-widget-heading\" data-id=\"341ab63\" data-element_type=\"widget\" data-e-type=\"widget\" data-widget_type=\"heading.default\">\n\t\t\t\t<div class=\"elementor-widget-container\">\n\t\t\t\t\t<h3 class=\"elementor-heading-title elementor-size-default\">Die 80-Punkte-Evaluierung der Sattelpassform<\/h3>\t\t\t\t<\/div>\n\t\t\t\t<\/div>\n\t\t\t\t<div class=\"elementor-element elementor-element-544f0b35 elementor-widget elementor-widget-accordion\" data-id=\"544f0b35\" data-element_type=\"widget\" data-e-type=\"widget\" data-widget_type=\"accordion.default\">\n\t\t\t\t<div class=\"elementor-widget-container\">\n\t\t\t\t\t\t\t<div class=\"elementor-accordion\">\n\t\t\t\t\t\t\t<div class=\"elementor-accordion-item\">\n\t\t\t\t\t<div id=\"elementor-tab-title-1411\" class=\"elementor-tab-title\" data-tab=\"1\" role=\"button\" aria-controls=\"elementor-tab-content-1411\" aria-expanded=\"false\">\n\t\t\t\t\t\t\t\t\t\t\t\t\t<span class=\"elementor-accordion-icon elementor-accordion-icon-left\" aria-hidden=\"true\">\n\t\t\t\t\t\t\t\t\t\t\t\t\t\t\t<span class=\"elementor-accordion-icon-closed\"><i class=\"fas fa-plus\"><\/i><\/span>\n\t\t\t\t\t\t\t\t<span class=\"elementor-accordion-icon-opened\"><i class=\"fas fa-minus\"><\/i><\/span>\n\t\t\t\t\t\t\t\t\t\t\t\t\t\t<\/span>\n\t\t\t\t\t\t\t\t\t\t\t\t<a class=\"elementor-accordion-title\" tabindex=\"0\">Schritt 1: Basis-Informationen zu Pferd und Reiter<\/a>\n\t\t\t\t\t<\/div>\n\t\t\t\t\t<div id=\"elementor-tab-content-1411\" class=\"elementor-tab-content elementor-clearfix\" data-tab=\"1\" role=\"region\" aria-labelledby=\"elementor-tab-title-1411\"><p>Die Erhebung \u00fcber Basis-Informationen \u00fcber Pferd und Reiter liefert unserem Sattel Ergonom wichtige Grundlagen f\u00fcr die Anpassung eines neuen Sattels, zum Beispiel H\u00e4ufigkeit und Einsatz des Sattels sowie Anatomie und aktuelle Ausbildungssituation von Pferd und Reiter.<\/p><\/div>\n\t\t\t\t<\/div>\n\t\t\t\t\t\t\t<div class=\"elementor-accordion-item\">\n\t\t\t\t\t<div id=\"elementor-tab-title-1412\" class=\"elementor-tab-title\" data-tab=\"2\" role=\"button\" aria-controls=\"elementor-tab-content-1412\" aria-expanded=\"false\">\n\t\t\t\t\t\t\t\t\t\t\t\t\t<span class=\"elementor-accordion-icon elementor-accordion-icon-left\" aria-hidden=\"true\">\n\t\t\t\t\t\t\t\t\t\t\t\t\t\t\t<span class=\"elementor-accordion-icon-closed\"><i class=\"fas fa-plus\"><\/i><\/span>\n\t\t\t\t\t\t\t\t<span class=\"elementor-accordion-icon-opened\"><i class=\"fas fa-minus\"><\/i><\/span>\n\t\t\t\t\t\t\t\t\t\t\t\t\t\t<\/span>\n\t\t\t\t\t\t\t\t\t\t\t\t<a class=\"elementor-accordion-title\" tabindex=\"0\">Schritt 2: Statische Detail-Analyse <\/a>\n\t\t\t\t\t<\/div>\n\t\t\t\t\t<div id=\"elementor-tab-content-1412\" class=\"elementor-tab-content elementor-clearfix\" data-tab=\"2\" role=\"region\" aria-labelledby=\"elementor-tab-title-1412\"><p><strong>Pferd:<\/strong> Unser Sattel Ergonom vermisst Schulterwinkel, Schulterweite, Sattelauflagefl\u00e4che und Bauchumfang. Festgehalten werden ebenso: Form des R\u00fcckens und des Widerrists, Breite des Wirbelkanals, Symmetrie und Gr\u00f6\u00dfe der Schultern, um nur einige Aspekte dieses umfangreichen Evaluierungsverfahrens zu nennen.<\/p><p><strong>Reiter:<\/strong> Zur Auswahl der passenden Sattelmodelle, werden Ihre Beinl\u00e4nge, Ober- und Unterschenkel-L\u00e4nge und \u2013Breite, sowie H\u00fcftumfang vermessen. Anhand dieser Werte werden auch die Position der Pauschen und Sturzfederanbringung bestimmt. Unser Ziel ist, Sie zuk\u00fcnftig in eine lotgerechte und anatomisch ideale Position auf das Pferd zu setzen.<\/p><\/div>\n\t\t\t\t<\/div>\n\t\t\t\t\t\t\t<div class=\"elementor-accordion-item\">\n\t\t\t\t\t<div id=\"elementor-tab-title-1413\" class=\"elementor-tab-title\" data-tab=\"3\" role=\"button\" aria-controls=\"elementor-tab-content-1413\" aria-expanded=\"false\">\n\t\t\t\t\t\t\t\t\t\t\t\t\t<span class=\"elementor-accordion-icon elementor-accordion-icon-left\" aria-hidden=\"true\">\n\t\t\t\t\t\t\t\t\t\t\t\t\t\t\t<span class=\"elementor-accordion-icon-closed\"><i class=\"fas fa-plus\"><\/i><\/span>\n\t\t\t\t\t\t\t\t<span class=\"elementor-accordion-icon-opened\"><i class=\"fas fa-minus\"><\/i><\/span>\n\t\t\t\t\t\t\t\t\t\t\t\t\t\t<\/span>\n\t\t\t\t\t\t\t\t\t\t\t\t<a class=\"elementor-accordion-title\" tabindex=\"0\">Schritt 3: Sattelpassform-Diagnose <\/a>\n\t\t\t\t\t<\/div>\n\t\t\t\t\t<div id=\"elementor-tab-content-1413\" class=\"elementor-tab-content elementor-clearfix\" data-tab=\"3\" role=\"region\" aria-labelledby=\"elementor-tab-title-1413\"><p>Hier wird ihr aktueller Sattel vermessen und mit allen Messwerten aus Schritt 1 und Schritt 2 verglichen. Hierzu geh\u00f6ren Art des Kissens, Sattelauflagefl\u00e4che, Sitzkurve, etc. Es wird ebenso beurteilt, wie dieser Sattel zu Ihnen und Ihrem Pferd passt.<\/p><\/div>\n\t\t\t\t<\/div>\n\t\t\t\t\t\t\t<div class=\"elementor-accordion-item\">\n\t\t\t\t\t<div id=\"elementor-tab-title-1414\" class=\"elementor-tab-title\" data-tab=\"4\" role=\"button\" aria-controls=\"elementor-tab-content-1414\" aria-expanded=\"false\">\n\t\t\t\t\t\t\t\t\t\t\t\t\t<span class=\"elementor-accordion-icon elementor-accordion-icon-left\" aria-hidden=\"true\">\n\t\t\t\t\t\t\t\t\t\t\t\t\t\t\t<span class=\"elementor-accordion-icon-closed\"><i class=\"fas fa-plus\"><\/i><\/span>\n\t\t\t\t\t\t\t\t<span class=\"elementor-accordion-icon-opened\"><i class=\"fas fa-minus\"><\/i><\/span>\n\t\t\t\t\t\t\t\t\t\t\t\t\t\t<\/span>\n\t\t\t\t\t\t\t\t\t\t\t\t<a class=\"elementor-accordion-title\" tabindex=\"0\">Schritt 4: Dynamische Analyse von Pferd und Reiter<\/a>\n\t\t\t\t\t<\/div>\n\t\t\t\t\t<div id=\"elementor-tab-content-1414\" class=\"elementor-tab-content elementor-clearfix\" data-tab=\"4\" role=\"region\" aria-labelledby=\"elementor-tab-title-1414\"><p>Zun\u00e4chst wird Ihr Pferd longiert, um zu sehen, welche Bewegungsmuster sich ohne Sattel zeigen. Anschlie\u00dfend erfolgt die Evaluation der Passform Ihres Sattels beim Reiten. Zu jeder Sequenz geh\u00f6ren alle drei Gangarten. Unser Sattel Ergonom erh\u00e4lt so ein dynamisches Bild vom Verhalten Ihres Pferdes, Ihrer aktuellen Bewegung und Sitzposition und dem Sitz ihres aktuellen Sattels. Manchmal kann unser Sattel Ergonom auch durch Anpassungen Ihres aktuellen Sattels vor Ort aktuelle Probleme direkt l\u00f6sen.<\/p><\/div>\n\t\t\t\t<\/div>\n\t\t\t\t\t\t\t<div class=\"elementor-accordion-item\">\n\t\t\t\t\t<div id=\"elementor-tab-title-1415\" class=\"elementor-tab-title\" data-tab=\"5\" role=\"button\" aria-controls=\"elementor-tab-content-1415\" aria-expanded=\"false\">\n\t\t\t\t\t\t\t\t\t\t\t\t\t<span class=\"elementor-accordion-icon elementor-accordion-icon-left\" aria-hidden=\"true\">\n\t\t\t\t\t\t\t\t\t\t\t\t\t\t\t<span class=\"elementor-accordion-icon-closed\"><i class=\"fas fa-plus\"><\/i><\/span>\n\t\t\t\t\t\t\t\t<span class=\"elementor-accordion-icon-opened\"><i class=\"fas fa-minus\"><\/i><\/span>\n\t\t\t\t\t\t\t\t\t\t\t\t\t\t<\/span>\n\t\t\t\t\t\t\t\t\t\t\t\t<a class=\"elementor-accordion-title\" tabindex=\"0\">Schritt 5:  Diagnosebericht und Empfehlungen<\/a>\n\t\t\t\t\t<\/div>\n\t\t\t\t\t<div id=\"elementor-tab-content-1415\" class=\"elementor-tab-content elementor-clearfix\" data-tab=\"5\" role=\"region\" aria-labelledby=\"elementor-tab-title-1415\"><p>Nach der dynamischen Analyse ist das Bild vollst\u00e4ndig. Sofort im Anschluss kl\u00e4rt Sie unser qualifizierter Sattel Ergonom \u00fcber die Erkenntnisse aus der Gesamtanalyse nach Saddlefit 4 Life\u00ae auf und bespricht mit Ihnen m\u00f6gliche L\u00f6sungswege. Auf Wunsch k\u00f6nnen sie verschiedene Demo-Sattelmodelle probereiten. So k\u00f6nnen Sie und vor allem Ihr Pferd bereits ersp\u00fcren, welches Sattelmodell f\u00fcr Sie beide die beste Harmonie ergibt.<\/p><\/div>\n\t\t\t\t<\/div>\n\t\t\t\t\t\t\t\t\t\t<script type=\"application\/ld+json\">{\"@context\":\"https:\\\/\\\/schema.org\",\"@type\":\"FAQPage\",\"mainEntity\":[{\"@type\":\"Question\",\"name\":\"Schritt 1: Basis-Informationen zu Pferd und Reiter\",\"acceptedAnswer\":{\"@type\":\"Answer\",\"text\":\"<p>Die Erhebung \\u00fcber Basis-Informationen \\u00fcber Pferd und Reiter liefert unserem Sattel Ergonom wichtige Grundlagen f\\u00fcr die Anpassung eines neuen Sattels, zum Beispiel H\\u00e4ufigkeit und Einsatz des Sattels sowie Anatomie und aktuelle Ausbildungssituation von Pferd und Reiter.<\\\/p>\"}},{\"@type\":\"Question\",\"name\":\"Schritt 2: Statische Detail-Analyse\",\"acceptedAnswer\":{\"@type\":\"Answer\",\"text\":\"<p><strong>Pferd:<\\\/strong> Unser Sattel Ergonom vermisst Schulterwinkel, Schulterweite, Sattelauflagefl\\u00e4che und Bauchumfang. Festgehalten werden ebenso: Form des R\\u00fcckens und des Widerrists, Breite des Wirbelkanals, Symmetrie und Gr\\u00f6\\u00dfe der Schultern, um nur einige Aspekte dieses umfangreichen Evaluierungsverfahrens zu nennen.<\\\/p><p><strong>Reiter:<\\\/strong> Zur Auswahl der passenden Sattelmodelle, werden Ihre Beinl\\u00e4nge, Ober- und Unterschenkel-L\\u00e4nge und \\u2013Breite, sowie H\\u00fcftumfang vermessen. Anhand dieser Werte werden auch die Position der Pauschen und Sturzfederanbringung bestimmt. Unser Ziel ist, Sie zuk\\u00fcnftig in eine lotgerechte und anatomisch ideale Position auf das Pferd zu setzen.<\\\/p>\"}},{\"@type\":\"Question\",\"name\":\"Schritt 3: Sattelpassform-Diagnose\",\"acceptedAnswer\":{\"@type\":\"Answer\",\"text\":\"<p>Hier wird ihr aktueller Sattel vermessen und mit allen Messwerten aus Schritt 1 und Schritt 2 verglichen. Hierzu geh\\u00f6ren Art des Kissens, Sattelauflagefl\\u00e4che, Sitzkurve, etc. Es wird ebenso beurteilt, wie dieser Sattel zu Ihnen und Ihrem Pferd passt.<\\\/p>\"}},{\"@type\":\"Question\",\"name\":\"Schritt 4: Dynamische Analyse von Pferd und Reiter\",\"acceptedAnswer\":{\"@type\":\"Answer\",\"text\":\"<p>Zun\\u00e4chst wird Ihr Pferd longiert, um zu sehen, welche Bewegungsmuster sich ohne Sattel zeigen. Anschlie\\u00dfend erfolgt die Evaluation der Passform Ihres Sattels beim Reiten. Zu jeder Sequenz geh\\u00f6ren alle drei Gangarten. Unser Sattel Ergonom erh\\u00e4lt so ein dynamisches Bild vom Verhalten Ihres Pferdes, Ihrer aktuellen Bewegung und Sitzposition und dem Sitz ihres aktuellen Sattels. Manchmal kann unser Sattel Ergonom auch durch Anpassungen Ihres aktuellen Sattels vor Ort aktuelle Probleme direkt l\\u00f6sen.<\\\/p>\"}},{\"@type\":\"Question\",\"name\":\"Schritt 5:  Diagnosebericht und Empfehlungen\",\"acceptedAnswer\":{\"@type\":\"Answer\",\"text\":\"<p>Nach der dynamischen Analyse ist das Bild vollst\\u00e4ndig. Sofort im Anschluss kl\\u00e4rt Sie unser qualifizierter Sattel Ergonom \\u00fcber die Erkenntnisse aus der Gesamtanalyse nach Saddlefit 4 Life\\u00ae auf und bespricht mit Ihnen m\\u00f6gliche L\\u00f6sungswege. Auf Wunsch k\\u00f6nnen sie verschiedene Demo-Sattelmodelle probereiten. So k\\u00f6nnen Sie und vor allem Ihr Pferd bereits ersp\\u00fcren, welches Sattelmodell f\\u00fcr Sie beide die beste Harmonie ergibt.<\\\/p>\"}}]}<\/script>\n\t\t\t\t\t<\/div>\n\t\t\t\t\t\t<\/div>\n\t\t\t\t<\/div>\n\t\t\t\t\t<\/div>\n\t\t<\/div>\n\t\t\t\t\t<\/div>\n\t\t<\/section>\n\t\t\t\t<\/div>\n\t\t","protected":false},"excerpt":{"rendered":"<p>Sattelanpassung \u2013 aus Liebe und Verantwortung Wir bei SCHLEESE stellen unsere S\u00e4ttel nach h\u00f6chsten Qualit\u00e4tsstandards von Hand her und verwenden nur hochwertigste Ledersorten.Jeder SCHLEESE-Sattel wird vom Sattlermeister und zertifizierten Sattel Ergonom Jochen SCHLEESE entwickelt. Design, Funktion und Einstellbarkeit erf\u00fcllen alle Kriterien der Saddlefit 4 Life\u00ae Philosophie \u2013 aus Liebe und Verantwortung f\u00fcr Reiter und Pferd. [&hellip;]<\/p>\n","protected":false},"author":1,"featured_media":2267,"parent":0,"menu_order":0,"comment_status":"closed","ping_status":"closed","template":"","meta":{"_acf_changed":false,"footnotes":""},"class_list":["post-191","page","type-page","status-publish","has-post-thumbnail","hentry"],"acf":[],"_links":{"self":[{"href":"https:\/\/schleese-sattel.de\/en\/wp-json\/wp\/v2\/pages\/191","targetHints":{"allow":["GET"]}}],"collection":[{"href":"https:\/\/schleese-sattel.de\/en\/wp-json\/wp\/v2\/pages"}],"about":[{"href":"https:\/\/schleese-sattel.de\/en\/wp-json\/wp\/v2\/types\/page"}],"author":[{"embeddable":true,"href":"https:\/\/schleese-sattel.de\/en\/wp-json\/wp\/v2\/users\/1"}],"replies":[{"embeddable":true,"href":"https:\/\/schleese-sattel.de\/en\/wp-json\/wp\/v2\/comments?post=191"}],"version-history":[{"count":0,"href":"https:\/\/schleese-sattel.de\/en\/wp-json\/wp\/v2\/pages\/191\/revisions"}],"wp:featuredmedia":[{"embeddable":true,"href":"https:\/\/schleese-sattel.de\/en\/wp-json\/wp\/v2\/media\/2267"}],"wp:attachment":[{"href":"https:\/\/schleese-sattel.de\/en\/wp-json\/wp\/v2\/media?parent=191"}],"curies":[{"name":"wp","href":"https:\/\/api.w.org\/{rel}","templated":true}]}}