{"id":2078,"date":"2019-08-12T17:14:43","date_gmt":"2019-08-12T15:14:43","guid":{"rendered":"https:\/\/schleese-sattel.de\/?page_id=2078"},"modified":"2021-02-22T14:08:30","modified_gmt":"2021-02-22T12:08:30","slug":"faq","status":"publish","type":"page","link":"https:\/\/schleese-sattel.de\/en\/faq\/","title":{"rendered":"FAQ"},"content":{"rendered":"<div data-elementor-type=\"wp-post\" data-elementor-id=\"2078\" class=\"elementor elementor-2078\" data-elementor-post-type=\"page\">\n\t\t\t\t\t\t<section class=\"elementor-section elementor-top-section elementor-element elementor-element-efcd8f3 elementor-section-height-min-height elementor-section-items-top elementor-section-boxed elementor-section-height-default\" data-id=\"efcd8f3\" data-element_type=\"section\" data-e-type=\"section\">\n\t\t\t\t\t\t<div class=\"elementor-container elementor-column-gap-default\">\n\t\t\t\t\t<div class=\"elementor-column elementor-col-100 elementor-top-column elementor-element elementor-element-daa30f1\" data-id=\"daa30f1\" data-element_type=\"column\" data-e-type=\"column\">\n\t\t\t<div class=\"elementor-widget-wrap elementor-element-populated\">\n\t\t\t\t\t\t<div class=\"elementor-element elementor-element-dcbbedf elementor-widget elementor-widget-heading\" data-id=\"dcbbedf\" data-element_type=\"widget\" data-e-type=\"widget\" data-widget_type=\"heading.default\">\n\t\t\t\t<div class=\"elementor-widget-container\">\n\t\t\t\t\t<h1 class=\"elementor-heading-title elementor-size-default\">FAQ<\/h1>\t\t\t\t<\/div>\n\t\t\t\t<\/div>\n\t\t\t\t<div class=\"elementor-element elementor-element-51d464d elementor-widget elementor-widget-accordion\" data-id=\"51d464d\" data-element_type=\"widget\" data-e-type=\"widget\" data-widget_type=\"accordion.default\">\n\t\t\t\t<div class=\"elementor-widget-container\">\n\t\t\t\t\t\t\t<div class=\"elementor-accordion\">\n\t\t\t\t\t\t\t<div class=\"elementor-accordion-item\">\n\t\t\t\t\t<div id=\"elementor-tab-title-8581\" class=\"elementor-tab-title\" data-tab=\"1\" role=\"button\" aria-controls=\"elementor-tab-content-8581\" aria-expanded=\"false\">\n\t\t\t\t\t\t\t\t\t\t\t\t\t<span class=\"elementor-accordion-icon elementor-accordion-icon-left\" aria-hidden=\"true\">\n\t\t\t\t\t\t\t\t\t\t\t\t\t\t\t<span class=\"elementor-accordion-icon-closed\"><i class=\"fas fa-plus\"><\/i><\/span>\n\t\t\t\t\t\t\t\t<span class=\"elementor-accordion-icon-opened\"><i class=\"fas fa-minus\"><\/i><\/span>\n\t\t\t\t\t\t\t\t\t\t\t\t\t\t<\/span>\n\t\t\t\t\t\t\t\t\t\t\t\t<a class=\"elementor-accordion-title\" tabindex=\"0\">Are SCHLEESE saddles made to measure?<\/a>\n\t\t\t\t\t<\/div>\n\t\t\t\t\t<div id=\"elementor-tab-content-8581\" class=\"elementor-tab-content elementor-clearfix\" data-tab=\"1\" role=\"region\" aria-labelledby=\"elementor-tab-title-8581\"><p>SCHLEESE S\u00e4ttel sind besser als jeder Ma\u00dfsattel, denn unsere S\u00e4ttel werden nicht nur nach einer sehr gr\u00fcndlichen Analyse und Vermessung durch unsere nach der S4L- Philosophie* ausgebildeten Sattel-Ergonome einmalig auf Reiter und Pferd angepasst. Sie sind ein Pferdelebenlang anpassbar. Da Ihr Pferd und auch Sie sich z.B. durch Training, Wachstum, etc. ver\u00e4ndern, empfehlen wir eine regelm\u00e4\u00dfige Sattelpr\u00fcfung und ggf. auch Nachjustierung mit dem SCHLEESE Sattel-Ergonom Ihres Vertrauens.<\/p><\/div>\n\t\t\t\t<\/div>\n\t\t\t\t\t\t\t<div class=\"elementor-accordion-item\">\n\t\t\t\t\t<div id=\"elementor-tab-title-8582\" class=\"elementor-tab-title\" data-tab=\"2\" role=\"button\" aria-controls=\"elementor-tab-content-8582\" aria-expanded=\"false\">\n\t\t\t\t\t\t\t\t\t\t\t\t\t<span class=\"elementor-accordion-icon elementor-accordion-icon-left\" aria-hidden=\"true\">\n\t\t\t\t\t\t\t\t\t\t\t\t\t\t\t<span class=\"elementor-accordion-icon-closed\"><i class=\"fas fa-plus\"><\/i><\/span>\n\t\t\t\t\t\t\t\t<span class=\"elementor-accordion-icon-opened\"><i class=\"fas fa-minus\"><\/i><\/span>\n\t\t\t\t\t\t\t\t\t\t\t\t\t\t<\/span>\n\t\t\t\t\t\t\t\t\t\t\t\t<a class=\"elementor-accordion-title\" tabindex=\"0\">Shoulder back cut at the pillion. Why is this important or what exactly does it mean?<\/a>\n\t\t\t\t\t<\/div>\n\t\t\t\t\t<div id=\"elementor-tab-content-8582\" class=\"elementor-tab-content elementor-clearfix\" data-tab=\"2\" role=\"region\" aria-labelledby=\"elementor-tab-title-8582\">All Schleese pillions have a special shoulder back cut. This way, the shoulder blade of the horse can move under the saddle without disturbing the biomechanics of the horse in its movement through the rider. Thus, the horse can use its full shoulder mobility and can also move the entire forehand without any restriction when riding.<\/div>\n\t\t\t\t<\/div>\n\t\t\t\t\t\t\t<div class=\"elementor-accordion-item\">\n\t\t\t\t\t<div id=\"elementor-tab-title-8583\" class=\"elementor-tab-title\" data-tab=\"3\" role=\"button\" aria-controls=\"elementor-tab-content-8583\" aria-expanded=\"false\">\n\t\t\t\t\t\t\t\t\t\t\t\t\t<span class=\"elementor-accordion-icon elementor-accordion-icon-left\" aria-hidden=\"true\">\n\t\t\t\t\t\t\t\t\t\t\t\t\t\t\t<span class=\"elementor-accordion-icon-closed\"><i class=\"fas fa-plus\"><\/i><\/span>\n\t\t\t\t\t\t\t\t<span class=\"elementor-accordion-icon-opened\"><i class=\"fas fa-minus\"><\/i><\/span>\n\t\t\t\t\t\t\t\t\t\t\t\t\t\t<\/span>\n\t\t\t\t\t\t\t\t\t\t\t\t<a class=\"elementor-accordion-title\" tabindex=\"0\">Why do I need a saddle ergonomist to adjust my SCHLEESE saddle? Can't my saddler do the same?<\/a>\n\t\t\t\t\t<\/div>\n\t\t\t\t\t<div id=\"elementor-tab-content-8583\" class=\"elementor-tab-content elementor-clearfix\" data-tab=\"3\" role=\"region\" aria-labelledby=\"elementor-tab-title-8583\">The SCHLEESE saddle ergonomists, which have adapted your saddle when you bought it, have been tested and certified by Saddlefit4Life and are re-certified every two years. All SCHLEESE saddle ergonomists are trained in horse and rider anatomy and biomechanics. Thus, we guarantee a reliable fitting of a SCHLEESE saddle based on a detailed 80 point S4L saddle fit evaluation. We entrust the SCHLEESE saddle fit exclusively to regularly recertified saddle ergonomists.<\/div>\n\t\t\t\t<\/div>\n\t\t\t\t\t\t\t<div class=\"elementor-accordion-item\">\n\t\t\t\t\t<div id=\"elementor-tab-title-8584\" class=\"elementor-tab-title\" data-tab=\"4\" role=\"button\" aria-controls=\"elementor-tab-content-8584\" aria-expanded=\"false\">\n\t\t\t\t\t\t\t\t\t\t\t\t\t<span class=\"elementor-accordion-icon elementor-accordion-icon-left\" aria-hidden=\"true\">\n\t\t\t\t\t\t\t\t\t\t\t\t\t\t\t<span class=\"elementor-accordion-icon-closed\"><i class=\"fas fa-plus\"><\/i><\/span>\n\t\t\t\t\t\t\t\t<span class=\"elementor-accordion-icon-opened\"><i class=\"fas fa-minus\"><\/i><\/span>\n\t\t\t\t\t\t\t\t\t\t\t\t\t\t<\/span>\n\t\t\t\t\t\t\t\t\t\t\t\t<a class=\"elementor-accordion-title\" tabindex=\"0\">How do I find the perfect saddle for me and my horse? <\/a>\n\t\t\t\t\t<\/div>\n\t\t\t\t\t<div id=\"elementor-tab-content-8584\" class=\"elementor-tab-content elementor-clearfix\" data-tab=\"4\" role=\"region\" aria-labelledby=\"elementor-tab-title-8584\">There are many factors to consider when trying to find the right saddle. What style do I ride, how tall am I, how tall is my horse, what do we want to achieve together, how old is my horse, etc.? All these points and about 75 more are decisive for finding the right saddle. Our specially trained S4L horse ergonomists checks every initial analysis together with our certified S4L saddle ergonomist on site. On this appointment, we carry out a comprehensive static and dynamic analysis together with you in the stable and according to your horse\u2019s movement. Please feel free to contact us or our local partner to arrange an appointment to find the perfect saddle for you and your horse. All our partners are trained according to the S4L philosophy and can be found here: Schleese Partner <a href=\"https:\/\/schleese-sattel.de\/en\/team\/\">Schleese partner<\/a><\/div>\n\t\t\t\t<\/div>\n\t\t\t\t\t\t\t<div class=\"elementor-accordion-item\">\n\t\t\t\t\t<div id=\"elementor-tab-title-8585\" class=\"elementor-tab-title\" data-tab=\"5\" role=\"button\" aria-controls=\"elementor-tab-content-8585\" aria-expanded=\"false\">\n\t\t\t\t\t\t\t\t\t\t\t\t\t<span class=\"elementor-accordion-icon elementor-accordion-icon-left\" aria-hidden=\"true\">\n\t\t\t\t\t\t\t\t\t\t\t\t\t\t\t<span class=\"elementor-accordion-icon-closed\"><i class=\"fas fa-plus\"><\/i><\/span>\n\t\t\t\t\t\t\t\t<span class=\"elementor-accordion-icon-opened\"><i class=\"fas fa-minus\"><\/i><\/span>\n\t\t\t\t\t\t\t\t\t\t\t\t\t\t<\/span>\n\t\t\t\t\t\t\t\t\t\t\t\t<a class=\"elementor-accordion-title\" tabindex=\"0\">My horse has a very difficult saddle position. Is it possible to find a saddle?<\/a>\n\t\t\t\t\t<\/div>\n\t\t\t\t\t<div id=\"elementor-tab-content-8585\" class=\"elementor-tab-content elementor-clearfix\" data-tab=\"5\" role=\"region\" aria-labelledby=\"elementor-tab-title-8585\">With a SCHLEESE saddle, we also find solutions for horses with very difficult saddle positions. One of our experienced partners and S4L saddle ergonomists first have to get a personal image of the current situation. For this, we ask you to arrange an appointment, so that we can find a solution together. Please contact us or one of our SCHLEESE partners near you via our SCHLEESE website. We are looking forward to your inquiry.<\/div>\n\t\t\t\t<\/div>\n\t\t\t\t\t\t\t<div class=\"elementor-accordion-item\">\n\t\t\t\t\t<div id=\"elementor-tab-title-8586\" class=\"elementor-tab-title\" data-tab=\"6\" role=\"button\" aria-controls=\"elementor-tab-content-8586\" aria-expanded=\"false\">\n\t\t\t\t\t\t\t\t\t\t\t\t\t<span class=\"elementor-accordion-icon elementor-accordion-icon-left\" aria-hidden=\"true\">\n\t\t\t\t\t\t\t\t\t\t\t\t\t\t\t<span class=\"elementor-accordion-icon-closed\"><i class=\"fas fa-plus\"><\/i><\/span>\n\t\t\t\t\t\t\t\t<span class=\"elementor-accordion-icon-opened\"><i class=\"fas fa-minus\"><\/i><\/span>\n\t\t\t\t\t\t\t\t\t\t\t\t\t\t<\/span>\n\t\t\t\t\t\t\t\t\t\t\t\t<a class=\"elementor-accordion-title\" tabindex=\"0\">Can I also order a Schleese saddle online?<\/a>\n\t\t\t\t\t<\/div>\n\t\t\t\t\t<div id=\"elementor-tab-content-8586\" class=\"elementor-tab-content elementor-clearfix\" data-tab=\"6\" role=\"region\" aria-labelledby=\"elementor-tab-title-8586\">We attach great importance to a correct saddle fit, your lifelong satisfaction and a tailor-made saddle adapted to your horse and your requirements. That is why it is essential for you and your horse to take measurements on site. Only a S4L certified saddle ergonomist can determine which saddle and which saddle design fits you and your horse best. In addition, you can customize your saddle yourself by choosing e.g. various leather versions, color, colored seams, piping and other details. This is why you cannot order a SCHLEESE saddle online.\u2028<\/div>\n\t\t\t\t<\/div>\n\t\t\t\t\t\t\t<div class=\"elementor-accordion-item\">\n\t\t\t\t\t<div id=\"elementor-tab-title-8587\" class=\"elementor-tab-title\" data-tab=\"7\" role=\"button\" aria-controls=\"elementor-tab-content-8587\" aria-expanded=\"false\">\n\t\t\t\t\t\t\t\t\t\t\t\t\t<span class=\"elementor-accordion-icon elementor-accordion-icon-left\" aria-hidden=\"true\">\n\t\t\t\t\t\t\t\t\t\t\t\t\t\t\t<span class=\"elementor-accordion-icon-closed\"><i class=\"fas fa-plus\"><\/i><\/span>\n\t\t\t\t\t\t\t\t<span class=\"elementor-accordion-icon-opened\"><i class=\"fas fa-minus\"><\/i><\/span>\n\t\t\t\t\t\t\t\t\t\t\t\t\t\t<\/span>\n\t\t\t\t\t\t\t\t\t\t\t\t<a class=\"elementor-accordion-title\" tabindex=\"0\">Ich habe Fragen zu meinem SCHLEESE Sattel oder zur Anpassung?<\/a>\n\t\t\t\t\t<\/div>\n\t\t\t\t\t<div id=\"elementor-tab-content-8587\" class=\"elementor-tab-content elementor-clearfix\" data-tab=\"7\" role=\"region\" aria-labelledby=\"elementor-tab-title-8587\"><p>Die Schleese GmbH verkauft S\u00e4ttel an von Ihr ausgebildete Sattel Ergonome. Alle Schleese S\u00e4ttel k\u00f6nnen ein Leben lang 100% nach der S4L Methode angepasst werden. Die Passform und die Anpassung Ihres Sattels unterliegen jedoch ausschlie\u00dflich der F\u00e4higkeit und Fertigkeit des Sattel Ergonoms. Alle Sattel Ergonome arbeiten auf selbst\u00e4ndiger Basis und f\u00fchren ein unabh\u00e4ngiges Unternehmen. Bei Fragen rund um Ihren SCHLEESE Sattel, als auch bei Fragen oder Unsicherheiten zu der Anpassung eines SCHLEESE Sattels, wenden Sie sich bitte immer zun\u00e4chst an Ihren Sattel Ergonom. Sollte es hier zu Fragen kommen, dann kann sich der Sattel Ergonom jederzeit an die Firma Schleese wenden, um von unserem Saddlefit 4 life Lehr-Team Unterst\u00fctzung zu erhalten. Selbstverst\u00e4ndlich k\u00f6nnen auch Sie als Kunde, sich an uns wenden. Gemeinsam mit dem Sattel Ergonom und unseren Trainern unterst\u00fctzt die Firma den Schleese Sattel Ergonom und Sie bei Antworten zu Ihrem Sattel. Damit jedoch eine optimale Unterst\u00fctzung erfolgen kann, brauchen wir die gesamte, verl\u00e4ssliche <strong><a href=\"https:\/\/schleese-sattel.de\/en\/sattelanpassung\/\">Saddlefit 4 Life (r) Dokumentation<\/a><\/strong>.<\/p><\/div>\n\t\t\t\t<\/div>\n\t\t\t\t\t\t\t<div class=\"elementor-accordion-item\">\n\t\t\t\t\t<div id=\"elementor-tab-title-8588\" class=\"elementor-tab-title\" data-tab=\"8\" role=\"button\" aria-controls=\"elementor-tab-content-8588\" aria-expanded=\"false\">\n\t\t\t\t\t\t\t\t\t\t\t\t\t<span class=\"elementor-accordion-icon elementor-accordion-icon-left\" aria-hidden=\"true\">\n\t\t\t\t\t\t\t\t\t\t\t\t\t\t\t<span class=\"elementor-accordion-icon-closed\"><i class=\"fas fa-plus\"><\/i><\/span>\n\t\t\t\t\t\t\t\t<span class=\"elementor-accordion-icon-opened\"><i class=\"fas fa-minus\"><\/i><\/span>\n\t\t\t\t\t\t\t\t\t\t\t\t\t\t<\/span>\n\t\t\t\t\t\t\t\t\t\t\t\t<a class=\"elementor-accordion-title\" tabindex=\"0\">How much does a Schleese saddle cost? How can I figure out the price?<\/a>\n\t\t\t\t\t<\/div>\n\t\t\t\t\t<div id=\"elementor-tab-content-8588\" class=\"elementor-tab-content elementor-clearfix\" data-tab=\"8\" role=\"region\" aria-labelledby=\"elementor-tab-title-8588\">The Schleese saddles are without question in one of the higher price ranges, because they also perform very well. SCHLEESE saddles are available in different price categories and designs. For all SCHLEESE saddles, we guarantee the highest quality for saddle fit and processing. To determine an exact price, it is best to contact a SCHLEESE saddle ergonomist near you. You can find them here: <a href=\"https:\/\/schleese-sattel.de\/en\/team\/\">Schleese partner<\/a><\/div>\n\t\t\t\t<\/div>\n\t\t\t\t\t\t\t<div class=\"elementor-accordion-item\">\n\t\t\t\t\t<div id=\"elementor-tab-title-8589\" class=\"elementor-tab-title\" data-tab=\"9\" role=\"button\" aria-controls=\"elementor-tab-content-8589\" aria-expanded=\"false\">\n\t\t\t\t\t\t\t\t\t\t\t\t\t<span class=\"elementor-accordion-icon elementor-accordion-icon-left\" aria-hidden=\"true\">\n\t\t\t\t\t\t\t\t\t\t\t\t\t\t\t<span class=\"elementor-accordion-icon-closed\"><i class=\"fas fa-plus\"><\/i><\/span>\n\t\t\t\t\t\t\t\t<span class=\"elementor-accordion-icon-opened\"><i class=\"fas fa-minus\"><\/i><\/span>\n\t\t\t\t\t\t\t\t\t\t\t\t\t\t<\/span>\n\t\t\t\t\t\t\t\t\t\t\t\t<a class=\"elementor-accordion-title\" tabindex=\"0\">Are Schleese saddles also suitable for men?<\/a>\n\t\t\t\t\t<\/div>\n\t\t\t\t\t<div id=\"elementor-tab-content-8589\" class=\"elementor-tab-content elementor-clearfix\" data-tab=\"9\" role=\"region\" aria-labelledby=\"elementor-tab-title-8589\">Are there special models for men?\u2028\u2028Of course, we also offer special saddle solutions for men. Depending on the shape of your pelvis and your body, special seat curves can be made to measure for men. To find the right SCHLEESE saddle for you as a man, we recommend that you make an appointment with a SCHLEESE saddle ergonomist near you. You will find our partners trained according to the S4L philosophy here: <a href=\"https:\/\/schleese-sattel.de\/en\/team\/\">Schleese partner<\/a><\/div>\n\t\t\t\t<\/div>\n\t\t\t\t\t\t\t<div class=\"elementor-accordion-item\">\n\t\t\t\t\t<div id=\"elementor-tab-title-85810\" class=\"elementor-tab-title\" data-tab=\"10\" role=\"button\" aria-controls=\"elementor-tab-content-85810\" aria-expanded=\"false\">\n\t\t\t\t\t\t\t\t\t\t\t\t\t<span class=\"elementor-accordion-icon elementor-accordion-icon-left\" aria-hidden=\"true\">\n\t\t\t\t\t\t\t\t\t\t\t\t\t\t\t<span class=\"elementor-accordion-icon-closed\"><i class=\"fas fa-plus\"><\/i><\/span>\n\t\t\t\t\t\t\t\t<span class=\"elementor-accordion-icon-opened\"><i class=\"fas fa-minus\"><\/i><\/span>\n\t\t\t\t\t\t\t\t\t\t\t\t\t\t<\/span>\n\t\t\t\t\t\t\t\t\t\t\t\t<a class=\"elementor-accordion-title\" tabindex=\"0\">How do I care for my Schleese saddle correctly?<\/a>\n\t\t\t\t\t<\/div>\n\t\t\t\t\t<div id=\"elementor-tab-content-85810\" class=\"elementor-tab-content elementor-clearfix\" data-tab=\"10\" role=\"region\" aria-labelledby=\"elementor-tab-title-85810\"><p>To preserve the beauty of your SCHLEESE saddle's leather, we recommend the following simple steps:<\/p><ul><li>Remove dirt and sweat after each use with warm water<\/li><li>Use glycerine soap to clean your saddle after every 3rd - 5th use and remove the soap with warm water.<\/li><li>Apply leather grease to restore the moisture content of the leather. We recommend a pure fat without additives, such as beeswax<\/li><li>Only use very little leather oil. Please do not use any mixed products.<\/li><li>If possible, store the saddle at room temperature with 30-40% humidity to maintain the suppleness of the leather and to prevent dryness and mildew.<\/li><\/ul><\/div>\n\t\t\t\t<\/div>\n\t\t\t\t\t\t\t\t<\/div>\n\t\t\t\t\t\t<\/div>\n\t\t\t\t<\/div>\n\t\t\t\t\t<\/div>\n\t\t<\/div>\n\t\t\t\t\t<\/div>\n\t\t<\/section>\n\t\t\t\t<\/div>","protected":false},"excerpt":{"rendered":"<p>FAQ Sind SCHLEESE S\u00e4ttel Ma\u00dfs\u00e4ttel? SCHLEESE S\u00e4ttel sind besser als jeder Ma\u00dfsattel, denn unsere S\u00e4ttel werden nicht nur nach einer sehr gr\u00fcndlichen Analyse und Vermessung durch unsere nach der S4L- Philosophie* ausgebildeten Sattel-Ergonome einmalig auf Reiter und Pferd angepasst. Sie sind ein Pferdelebenlang anpassbar. Da Ihr Pferd und auch Sie sich z.B. durch Training, Wachstum, [&hellip;]<\/p>\n","protected":false},"author":1,"featured_media":0,"parent":0,"menu_order":0,"comment_status":"closed","ping_status":"closed","template":"","meta":{"_acf_changed":false,"footnotes":""},"class_list":["post-2078","page","type-page","status-publish","hentry"],"acf":[],"_links":{"self":[{"href":"https:\/\/schleese-sattel.de\/en\/wp-json\/wp\/v2\/pages\/2078","targetHints":{"allow":["GET"]}}],"collection":[{"href":"https:\/\/schleese-sattel.de\/en\/wp-json\/wp\/v2\/pages"}],"about":[{"href":"https:\/\/schleese-sattel.de\/en\/wp-json\/wp\/v2\/types\/page"}],"author":[{"embeddable":true,"href":"https:\/\/schleese-sattel.de\/en\/wp-json\/wp\/v2\/users\/1"}],"replies":[{"embeddable":true,"href":"https:\/\/schleese-sattel.de\/en\/wp-json\/wp\/v2\/comments?post=2078"}],"version-history":[{"count":0,"href":"https:\/\/schleese-sattel.de\/en\/wp-json\/wp\/v2\/pages\/2078\/revisions"}],"wp:attachment":[{"href":"https:\/\/schleese-sattel.de\/en\/wp-json\/wp\/v2\/media?parent=2078"}],"curies":[{"name":"wp","href":"https:\/\/api.w.org\/{rel}","templated":true}]}}