{"id":2705,"date":"2019-08-29T18:45:03","date_gmt":"2019-08-29T16:45:03","guid":{"rendered":"https:\/\/schleese-sattel.de\/?page_id=2705"},"modified":"2021-12-10T23:52:27","modified_gmt":"2021-12-10T21:52:27","slug":"jochen-schleese-eine-vision-wird-wirklichkeit","status":"publish","type":"page","link":"https:\/\/schleese-sattel.de\/en\/jochen-schleese-eine-vision-wird-wirklichkeit\/","title":{"rendered":"Jochen Schleese \u2013 A vision becomes reality"},"content":{"rendered":"<p>More than 25 years ago, Jochen Schleese started with the bold intention to develop the best saddles in the world for horse and rider. Today, more than a quarter of a century later, this vision has become reality. Decades of experience and patented scientific knowledge create the basis for the Saddlefit 4 Life\u00ae philosophy (S4L). A philosophy for more potential for you and your horse. Every day.<\/p>\n<h3>Jochen Schleese passes on his knowledge<\/h3>\n<p>Urspr\u00fcnglich wurden SCHLEESE-S\u00e4ttel speziell f\u00fcr Frauen gemacht. Als absolutes Novum in der Geschichte des Sattelbaus ber\u00fccksichtigten die Schleese-S\u00e4ttel in ihrer Konstruktion die Besonderheiten der weiblichen Anatomie. Und begeisterten schnell mit Ihrem Sitzkomfort eine ganze Generation von Reiterinnen. Der patentierte Sattelbaum \u201eAdapTree\u00ae\u201c sorgte durch die Feinjustierung einzelner Elemente f\u00fcr eine fortlaufende Angleichung des Sattels an die R\u00fcckenform des Pferdes. Die \u201eCrotch-Comfort\u201c-Zone minderte deutlich die Druckbelastung im Schrittbereich der Reiterin. Allesamt Faktoren, die f\u00fcr einen bis dato v\u00f6llig unbekannten hohen Reitkomfort verantwortlich zeichneten.<\/p>\n<p>Today, a whole movement has emerged from philosophy. Personalized expressions of this movement are <a href=\"https:\/\/schleese-sattel.de\/en\/team\/\">our ambassadors,<\/a>who continuously increase joy and mobility for every horse and rider with professional knowledge, passionate heart and soul and meticulous adaptation work. Each of these ambassadors has undergone our <a href=\"https:\/\/schleese-sattel.de\/en\/fortbildung\/\">trainings<\/a> at the <a href=\"https:\/\/s4l-akademie.de\" target=\"_blank\" rel=\"noopener noreferrer\">Saddlefit 4 Life\u00ae Academy<\/a> and are thus qualified to adapt a saddle optimally to the needs of horse and rider.<\/p>\n<p>SCHLEESE saddles have long been more than \u201cjust\u201d <a href=\"https:\/\/schleese-sattel.de\/en\/sattel\/\">women's saddles<\/a>. The development continues and our improvements and optimizations do not stop at saddles for men. The increasing number of enthusiastic male riders shows us that we are on the right track.<\/p>","protected":false},"excerpt":{"rendered":"<p>Vor mehr als 25 Jahren startete Jochen Schleese mit dem k\u00fchnen Vorhaben, die besten S\u00e4ttel der Welt f\u00fcr Pferd und Reiter zu entwickeln. Heute, \u00fcber ein Vierteljahrhundert sp\u00e4ter, ist aus dieser Vision Wirklichkeit geworden. Jahrzehntelange Erfahrung und patentierte wissenschaftliche Erkenntnisse bilden die Basis f\u00fcr die Saddlefit 4 Life\u00ae-Philosophie (S4L). Einer Philosophie, mit der wir jeden [&hellip;]<\/p>\n","protected":false},"author":1,"featured_media":224,"parent":0,"menu_order":0,"comment_status":"closed","ping_status":"closed","template":"","meta":{"_acf_changed":false,"footnotes":""},"class_list":["post-2705","page","type-page","status-publish","has-post-thumbnail","hentry"],"acf":[],"_links":{"self":[{"href":"https:\/\/schleese-sattel.de\/en\/wp-json\/wp\/v2\/pages\/2705","targetHints":{"allow":["GET"]}}],"collection":[{"href":"https:\/\/schleese-sattel.de\/en\/wp-json\/wp\/v2\/pages"}],"about":[{"href":"https:\/\/schleese-sattel.de\/en\/wp-json\/wp\/v2\/types\/page"}],"author":[{"embeddable":true,"href":"https:\/\/schleese-sattel.de\/en\/wp-json\/wp\/v2\/users\/1"}],"replies":[{"embeddable":true,"href":"https:\/\/schleese-sattel.de\/en\/wp-json\/wp\/v2\/comments?post=2705"}],"version-history":[{"count":0,"href":"https:\/\/schleese-sattel.de\/en\/wp-json\/wp\/v2\/pages\/2705\/revisions"}],"wp:featuredmedia":[{"embeddable":true,"href":"https:\/\/schleese-sattel.de\/en\/wp-json\/wp\/v2\/media\/224"}],"wp:attachment":[{"href":"https:\/\/schleese-sattel.de\/en\/wp-json\/wp\/v2\/media?parent=2705"}],"curies":[{"name":"wp","href":"https:\/\/api.w.org\/{rel}","templated":true}]}}