{"id":6501,"date":"2022-09-16T09:21:23","date_gmt":"2022-09-16T07:21:23","guid":{"rendered":"https:\/\/schleese-sattel.de\/?page_id=6501"},"modified":"2025-11-13T15:30:08","modified_gmt":"2025-11-13T14:30:08","slug":"garantie","status":"publish","type":"page","link":"https:\/\/schleese-sattel.de\/en\/garantie\/","title":{"rendered":"Garantie"},"content":{"rendered":"<div data-elementor-type=\"wp-page\" data-elementor-id=\"6501\" class=\"elementor elementor-6501\" data-elementor-post-type=\"page\">\n\t\t\t\t\t\t<section class=\"elementor-section elementor-top-section elementor-element elementor-element-1dc94eec elementor-section-content-middle elementor-section-full_width elementor-section-height-default elementor-section-height-default\" data-id=\"1dc94eec\" data-element_type=\"section\" data-e-type=\"section\" data-settings=\"{&quot;background_background&quot;:&quot;classic&quot;}\">\n\t\t\t\t\t\t<div class=\"elementor-container elementor-column-gap-no\">\n\t\t\t\t\t<div class=\"elementor-column elementor-col-100 elementor-top-column elementor-element elementor-element-9b5f476\" data-id=\"9b5f476\" data-element_type=\"column\" data-e-type=\"column\" data-settings=\"{&quot;background_background&quot;:&quot;classic&quot;}\">\n\t\t\t<div class=\"elementor-widget-wrap elementor-element-populated\">\n\t\t\t\t\t\t<div class=\"elementor-element elementor-element-40c2241e elementor-widget elementor-widget-heading\" data-id=\"40c2241e\" data-element_type=\"widget\" data-e-type=\"widget\" data-widget_type=\"heading.default\">\n\t\t\t\t<div class=\"elementor-widget-container\">\n\t\t\t\t\t<h2 class=\"elementor-heading-title elementor-size-default\">Congratulations on your SCHLEESE saddle<\/h2>\t\t\t\t<\/div>\n\t\t\t\t<\/div>\n\t\t\t\t<div class=\"elementor-element elementor-element-7daf2941 elementor-widget elementor-widget-heading\" data-id=\"7daf2941\" data-element_type=\"widget\" data-e-type=\"widget\" data-widget_type=\"heading.default\">\n\t\t\t\t<div class=\"elementor-widget-container\">\n\t\t\t\t\t<p class=\"elementor-heading-title elementor-size-default\">To activate your warranty, please provide the following data to track your SCHLEESE saddle.<\/p>\t\t\t\t<\/div>\n\t\t\t\t<\/div>\n\t\t\t\t<div class=\"elementor-element elementor-element-c56623a elementor-widget elementor-widget-html\" data-id=\"c56623a\" data-element_type=\"widget\" data-e-type=\"widget\" data-widget_type=\"html.default\">\n\t\t\t\t<div class=\"elementor-widget-container\">\n\t\t\t\t\t<iframe aria-label='Garantie Registrierung' frameborder=\"0\" style=\"height:1100px;width:100%;border:none;\" src='https:\/\/forms.zohopublic.eu\/schleese\/form\/GarantieRegistrierung\/formperma\/H0AVk1Exbx401680ZVdEdlXKHk1kSPy5sTHjuOmEijs'><\/iframe>\t\t\t\t<\/div>\n\t\t\t\t<\/div>\n\t\t\t\t<div class=\"elementor-element elementor-element-8710267 elementor-view-default elementor-widget elementor-widget-icon\" data-id=\"8710267\" data-element_type=\"widget\" data-e-type=\"widget\" data-widget_type=\"icon.default\">\n\t\t\t\t<div class=\"elementor-widget-container\">\n\t\t\t\t\t\t\t<div class=\"elementor-icon-wrapper\">\n\t\t\t<a class=\"elementor-icon\" href=\"#garantie-infos\">\n\t\t\t<i aria-hidden=\"true\" class=\"fas fa-arrow-down\"><\/i>\t\t\t<\/a>\n\t\t<\/div>\n\t\t\t\t\t\t<\/div>\n\t\t\t\t<\/div>\n\t\t\t\t\t<\/div>\n\t\t<\/div>\n\t\t\t\t\t<\/div>\n\t\t<\/section>\n\t\t\t\t<section class=\"elementor-section elementor-top-section elementor-element elementor-element-4a1ff497 light-bg elementor-section-boxed elementor-section-height-default elementor-section-height-default\" data-id=\"4a1ff497\" data-element_type=\"section\" data-e-type=\"section\" id=\"garantie-infos\" data-settings=\"{&quot;background_background&quot;:&quot;gradient&quot;}\">\n\t\t\t\t\t\t<div class=\"elementor-container elementor-column-gap-default\">\n\t\t\t\t\t<div class=\"elementor-column elementor-col-100 elementor-top-column elementor-element elementor-element-79cf36e9\" data-id=\"79cf36e9\" data-element_type=\"column\" data-e-type=\"column\">\n\t\t\t<div class=\"elementor-widget-wrap elementor-element-populated\">\n\t\t\t\t\t\t<div class=\"elementor-element elementor-element-4f0f12a elementor-widget elementor-widget-heading\" data-id=\"4f0f12a\" data-element_type=\"widget\" data-e-type=\"widget\" data-widget_type=\"heading.default\">\n\t\t\t\t<div class=\"elementor-widget-container\">\n\t\t\t\t\t<h3 class=\"elementor-heading-title elementor-size-default\">Schleese - Care<\/h3>\t\t\t\t<\/div>\n\t\t\t\t<\/div>\n\t\t\t\t<div class=\"elementor-element elementor-element-34a769ca elementor-widget elementor-widget-text-editor\" data-id=\"34a769ca\" data-element_type=\"widget\" data-e-type=\"widget\" data-widget_type=\"text-editor.default\">\n\t\t\t\t<div class=\"elementor-widget-container\">\n\t\t\t\t\t\t\t\t\tSCHLEEESE manufactures riding saddles that are designed to be adapted to the horse's anatomy by certified saddle ergonomists.\nThis is done with the utmost care and always ensures optimal freedom of movement for horse and rider.\t\t\t\t\t\t\t\t<\/div>\n\t\t\t\t<\/div>\n\t\t\t\t<div class=\"elementor-element elementor-element-0a132c5 elementor-widget elementor-widget-heading\" data-id=\"0a132c5\" data-element_type=\"widget\" data-e-type=\"widget\" data-widget_type=\"heading.default\">\n\t\t\t\t<div class=\"elementor-widget-container\">\n\t\t\t\t\t<h3 class=\"elementor-heading-title elementor-size-default\">Clear advantages for your SCHLEESE - Saddle<\/h3>\t\t\t\t<\/div>\n\t\t\t\t<\/div>\n\t\t\t\t<div class=\"elementor-element elementor-element-b807e4b elementor-widget elementor-widget-image\" data-id=\"b807e4b\" data-element_type=\"widget\" data-e-type=\"widget\" data-widget_type=\"image.default\">\n\t\t\t\t<div class=\"elementor-widget-container\">\n\t\t\t\t\t\t\t\t\t\t\t\t\t\t\t<img fetchpriority=\"high\" decoding=\"async\" width=\"1200\" height=\"800\" src=\"https:\/\/schleese-sattel.de\/wp-content\/uploads\/Bild_3_Garantie.jpg\" class=\"attachment-full size-full wp-image-6539\" alt=\"\" srcset=\"https:\/\/schleese-sattel.de\/wp-content\/uploads\/Bild_3_Garantie.jpg 1200w, https:\/\/schleese-sattel.de\/wp-content\/uploads\/Bild_3_Garantie-300x200.jpg 300w, https:\/\/schleese-sattel.de\/wp-content\/uploads\/Bild_3_Garantie-1024x683.jpg 1024w, https:\/\/schleese-sattel.de\/wp-content\/uploads\/Bild_3_Garantie-768x512.jpg 768w, https:\/\/schleese-sattel.de\/wp-content\/uploads\/Bild_3_Garantie-18x12.jpg 18w\" sizes=\"(max-width: 1200px) 100vw, 1200px\" \/>\t\t\t\t\t\t\t\t\t\t\t\t\t\t\t<\/div>\n\t\t\t\t<\/div>\n\t\t\t\t<div class=\"elementor-element elementor-element-6ae307e elementor-widget elementor-widget-text-editor\" data-id=\"6ae307e\" data-element_type=\"widget\" data-e-type=\"widget\" data-widget_type=\"text-editor.default\">\n\t\t\t\t<div class=\"elementor-widget-container\">\n\t\t\t\t\t\t\t\t\tWhen you put the SCHLEESE - Saddle on your horse, the front of the panels should sit comfortably against the back of the shoulders so that the girth straps drop down in the narrowest part of the girth area. The front edge of the pillow fits snugly against the shoulders without restricting freedom of movement. The locating shoe is set back 2.5 cm.\n<ul>\n \t<li>Patented AdapTree\u00ae with fully adjustable gullet plate, which can be adjusted to the horse in angle and width on-site<\/li>\n \t<li>Wide channel for a healthy back with more spine freedom<\/li>\n \t<li>Wide panel support surface for optimal pressure distribution and more freedom of movement<\/li>\n \t<li>Shoulder cut-back in the cushion to prevent damage to the scapula cartilage<\/li>\n<\/ul>\t\t\t\t\t\t\t\t<\/div>\n\t\t\t\t<\/div>\n\t\t\t\t<div class=\"elementor-element elementor-element-494d455 elementor-widget elementor-widget-heading\" data-id=\"494d455\" data-element_type=\"widget\" data-e-type=\"widget\" data-widget_type=\"heading.default\">\n\t\t\t\t<div class=\"elementor-widget-container\">\n\t\t\t\t\t<h3 class=\"elementor-heading-title elementor-size-default\">IMPORTANT CARE TIPS FOR YOUR SCHLEESE SADDLE<\/h3>\t\t\t\t<\/div>\n\t\t\t\t<\/div>\n\t\t\t\t<div class=\"elementor-element elementor-element-5a13794 elementor-widget elementor-widget-image\" data-id=\"5a13794\" data-element_type=\"widget\" data-e-type=\"widget\" data-widget_type=\"image.default\">\n\t\t\t\t<div class=\"elementor-widget-container\">\n\t\t\t\t\t\t\t\t\t\t\t\t\t\t\t<img decoding=\"async\" width=\"1200\" height=\"800\" src=\"https:\/\/schleese-sattel.de\/wp-content\/uploads\/Bild_4_Garantie.jpg\" class=\"attachment-full size-full wp-image-6538\" alt=\"\" srcset=\"https:\/\/schleese-sattel.de\/wp-content\/uploads\/Bild_4_Garantie.jpg 1200w, https:\/\/schleese-sattel.de\/wp-content\/uploads\/Bild_4_Garantie-300x200.jpg 300w, https:\/\/schleese-sattel.de\/wp-content\/uploads\/Bild_4_Garantie-1024x683.jpg 1024w, https:\/\/schleese-sattel.de\/wp-content\/uploads\/Bild_4_Garantie-768x512.jpg 768w, https:\/\/schleese-sattel.de\/wp-content\/uploads\/Bild_4_Garantie-18x12.jpg 18w\" sizes=\"(max-width: 1200px) 100vw, 1200px\" \/>\t\t\t\t\t\t\t\t\t\t\t\t\t\t\t<\/div>\n\t\t\t\t<\/div>\n\t\t\t\t<div class=\"elementor-element elementor-element-75733a0 elementor-widget elementor-widget-text-editor\" data-id=\"75733a0\" data-element_type=\"widget\" data-e-type=\"widget\" data-widget_type=\"text-editor.default\">\n\t\t\t\t<div class=\"elementor-widget-container\">\n\t\t\t\t\t\t\t\t\t<p>To preserve the beauty of your SCHLEESE saddle's leather, we recommend the following simple steps:<\/p>\n<ul>\n<li>Remove dirt and sweat after each use with warm water<\/li>\n<li>Verwenden Sie Kernseife zur Reinigung Ihres Sattels. Entfernen Sie die Seife mit warmem Wasser.<\/li>\n<li>Apply leather grease to restore the leather's moisture. We recommend the saddle grease specially developed for SCHLEESE leather - use leather oil very sparingly.<\/li>\n<li>Lagern Sie den Sattel m\u00f6glichst bei Raum-temperatur mit 30-40% Luftfeuchtigkeit, um die Geschmeidigkeit<br>\ndes Leders zu erhalten und Trockenheit und Schimmel vorzubeugen.<\/li>\n<\/ul>\t\t\t\t\t\t\t\t<\/div>\n\t\t\t\t<\/div>\n\t\t\t\t<div class=\"elementor-element elementor-element-35b0cfe1 elementor-widget elementor-widget-heading\" data-id=\"35b0cfe1\" data-element_type=\"widget\" data-e-type=\"widget\" data-widget_type=\"heading.default\">\n\t\t\t\t<div class=\"elementor-widget-container\">\n\t\t\t\t\t<h3 class=\"elementor-heading-title elementor-size-default\">The Schleese warranty<\/h3>\t\t\t\t<\/div>\n\t\t\t\t<\/div>\n\t\t\t\t<div class=\"elementor-element elementor-element-b15183d elementor-widget elementor-widget-image\" data-id=\"b15183d\" data-element_type=\"widget\" data-e-type=\"widget\" data-widget_type=\"image.default\">\n\t\t\t\t<div class=\"elementor-widget-container\">\n\t\t\t\t\t\t\t\t\t\t\t\t\t\t\t<img decoding=\"async\" width=\"1200\" height=\"800\" src=\"https:\/\/schleese-sattel.de\/wp-content\/uploads\/Bild_5_Garantie.jpg\" class=\"attachment-full size-full wp-image-6537\" alt=\"\" srcset=\"https:\/\/schleese-sattel.de\/wp-content\/uploads\/Bild_5_Garantie.jpg 1200w, https:\/\/schleese-sattel.de\/wp-content\/uploads\/Bild_5_Garantie-300x200.jpg 300w, https:\/\/schleese-sattel.de\/wp-content\/uploads\/Bild_5_Garantie-1024x683.jpg 1024w, https:\/\/schleese-sattel.de\/wp-content\/uploads\/Bild_5_Garantie-768x512.jpg 768w, https:\/\/schleese-sattel.de\/wp-content\/uploads\/Bild_5_Garantie-18x12.jpg 18w\" sizes=\"(max-width: 1200px) 100vw, 1200px\" \/>\t\t\t\t\t\t\t\t\t\t\t\t\t\t\t<\/div>\n\t\t\t\t<\/div>\n\t\t\t\t<div class=\"elementor-element elementor-element-76a5bf24 elementor-widget elementor-widget-text-editor\" data-id=\"76a5bf24\" data-element_type=\"widget\" data-e-type=\"widget\" data-widget_type=\"text-editor.default\">\n\t\t\t\t<div class=\"elementor-widget-container\">\n\t\t\t\t\t\t\t\t\t<p>Ihr SCHLEESE-Sattel ist ein Unikat. Wir bei Schleese stellen unsere Produkte nach h\u00f6chsten Qualit\u00e4tsstandards von Hand her und verwenden nur hochwertigste Ledersorten.<br>Alle Produkte unterliegen strengsten Qualit\u00e4tskontrollen. Auf alle Leder- und Verarbeitungsteile geben wir zwei Jahre Garantie \u2013 unter normalen Verschlei\u00dfbedingungen. Auf die SCHLEESE-Sattelb\u00e4ume erhalten Sie f\u00fcnf Jahre Garantie.<br>Leder ist ein Naturprodukt &#8211; f\u00fcr nat\u00fcrliche Farb- und Materialunterschiede k\u00f6nnen wir keine Verantwortung \u00fcbernehmen. Wir empfehlen Ihnen eine j\u00e4hrliche Pr\u00fcfung von Baum, Federstahl, Sitz des Kopfeisens und Polsterung durch einen SCHLEESE-Sattel Ergonom. Um Garantie und Passform zu erhalten, sollten alle Servicearbeiten nur von einem von Schleese autorisierten, zertifizierten Sattel Ergonomen durchgef\u00fchrt werden.<\/p>\t\t\t\t\t\t\t\t<\/div>\n\t\t\t\t<\/div>\n\t\t\t\t\t<\/div>\n\t\t<\/div>\n\t\t\t\t\t<\/div>\n\t\t<\/section>\n\t\t\t\t<section class=\"elementor-section elementor-top-section elementor-element elementor-element-117f1a0 elementor-section-height-min-height elementor-section-content-middle elementor-section-boxed elementor-section-height-default elementor-section-items-middle\" data-id=\"117f1a0\" data-element_type=\"section\" data-e-type=\"section\" data-settings=\"{&quot;background_background&quot;:&quot;classic&quot;}\">\n\t\t\t\t\t\t<div class=\"elementor-container elementor-column-gap-default\">\n\t\t\t\t\t<div class=\"elementor-column elementor-col-33 elementor-top-column elementor-element elementor-element-419de02\" data-id=\"419de02\" data-element_type=\"column\" data-e-type=\"column\">\n\t\t\t<div class=\"elementor-widget-wrap elementor-element-populated\">\n\t\t\t\t\t\t<div class=\"elementor-element elementor-element-d8d7c2f elementor-widget elementor-widget-heading\" data-id=\"d8d7c2f\" data-element_type=\"widget\" data-e-type=\"widget\" data-widget_type=\"heading.default\">\n\t\t\t\t<div class=\"elementor-widget-container\">\n\t\t\t\t\t<div class=\"elementor-heading-title elementor-size-default\"><a href=\"https:\/\/schleese-sattel.de\/en\/faq\/\" target=\"_blank\">FAQ<\/a><\/div>\t\t\t\t<\/div>\n\t\t\t\t<\/div>\n\t\t\t\t\t<\/div>\n\t\t<\/div>\n\t\t\t\t<div class=\"elementor-column elementor-col-33 elementor-top-column elementor-element elementor-element-98b78aa\" data-id=\"98b78aa\" data-element_type=\"column\" data-e-type=\"column\">\n\t\t\t<div class=\"elementor-widget-wrap elementor-element-populated\">\n\t\t\t\t\t\t<div class=\"elementor-element elementor-element-552af8a elementor-widget elementor-widget-heading\" data-id=\"552af8a\" data-element_type=\"widget\" data-e-type=\"widget\" data-widget_type=\"heading.default\">\n\t\t\t\t<div class=\"elementor-widget-container\">\n\t\t\t\t\t<div class=\"elementor-heading-title elementor-size-default\"><a href=\"https:\/\/schleese-sattel.de\/en\/schleese-sattel-kaufen\/\" target=\"_blank\">Find saddle ergonomist<\/a><\/div>\t\t\t\t<\/div>\n\t\t\t\t<\/div>\n\t\t\t\t\t<\/div>\n\t\t<\/div>\n\t\t\t\t<div class=\"elementor-column elementor-col-33 elementor-top-column elementor-element elementor-element-2c6c34a\" data-id=\"2c6c34a\" data-element_type=\"column\" data-e-type=\"column\">\n\t\t\t<div class=\"elementor-widget-wrap elementor-element-populated\">\n\t\t\t\t\t\t<div class=\"elementor-element elementor-element-06fd7c7 elementor-widget elementor-widget-heading\" data-id=\"06fd7c7\" data-element_type=\"widget\" data-e-type=\"widget\" data-widget_type=\"heading.default\">\n\t\t\t\t<div class=\"elementor-widget-container\">\n\t\t\t\t\t<div class=\"elementor-heading-title elementor-size-default\"><a href=\"https:\/\/schleese-sattel.de\/en\/\" target=\"_blank\">Schleese Website<\/a><\/div>\t\t\t\t<\/div>\n\t\t\t\t<\/div>\n\t\t\t\t\t<\/div>\n\t\t<\/div>\n\t\t\t\t\t<\/div>\n\t\t<\/section>\n\t\t\t\t<\/div>","protected":false},"excerpt":{"rendered":"<p>Gratulation zu Ihrem SCHLEESE Sattel Zur Aktivierung Ihrer Garantie bitten wir Sie, folgende Daten zur Nachverfolgung Ihres SCHLEESE Sattels auszuf\u00fcllen. SCHLEESE &#8211; Sorgfalt SCHLEEESE stellt Reits\u00e4ttel her die darauf ausgelegt sind, von zertifizierten Sattel Ergonomen auf die Anatomie des Pferdes angepasst zu werden. Dies passiert mit gr\u00f6\u00dfter Sorgfalt und sorgt so stets f\u00fcr eine optimale [&hellip;]<\/p>\n","protected":false},"author":1,"featured_media":0,"parent":0,"menu_order":0,"comment_status":"closed","ping_status":"closed","template":"elementor_canvas","meta":{"_acf_changed":false,"footnotes":""},"class_list":["post-6501","page","type-page","status-publish","hentry"],"acf":[],"_links":{"self":[{"href":"https:\/\/schleese-sattel.de\/en\/wp-json\/wp\/v2\/pages\/6501","targetHints":{"allow":["GET"]}}],"collection":[{"href":"https:\/\/schleese-sattel.de\/en\/wp-json\/wp\/v2\/pages"}],"about":[{"href":"https:\/\/schleese-sattel.de\/en\/wp-json\/wp\/v2\/types\/page"}],"author":[{"embeddable":true,"href":"https:\/\/schleese-sattel.de\/en\/wp-json\/wp\/v2\/users\/1"}],"replies":[{"embeddable":true,"href":"https:\/\/schleese-sattel.de\/en\/wp-json\/wp\/v2\/comments?post=6501"}],"version-history":[{"count":9,"href":"https:\/\/schleese-sattel.de\/en\/wp-json\/wp\/v2\/pages\/6501\/revisions"}],"predecessor-version":[{"id":8378,"href":"https:\/\/schleese-sattel.de\/en\/wp-json\/wp\/v2\/pages\/6501\/revisions\/8378"}],"wp:attachment":[{"href":"https:\/\/schleese-sattel.de\/en\/wp-json\/wp\/v2\/media?parent=6501"}],"curies":[{"name":"wp","href":"https:\/\/api.w.org\/{rel}","templated":true}]}}